{"id":5785,"date":"2019-03-26T09:09:23","date_gmt":"2019-03-26T08:09:23","guid":{"rendered":"https:\/\/gentleprovence.com\/homepage\/"},"modified":"2026-01-29T14:19:48","modified_gmt":"2026-01-29T13:19:48","slug":"homepage","status":"publish","type":"page","link":"https:\/\/gentleprovence.com\/fr\/","title":{"rendered":"Accueil"},"content":{"rendered":"","protected":false},"excerpt":{"rendered":"","protected":false},"author":1,"featured_media":6815,"parent":0,"menu_order":0,"comment_status":"closed","ping_status":"closed","template":"","meta":{"footnotes":""},"class_list":["post-5785","page","type-page","status-publish","has-post-thumbnail","hentry"],"yoast_head":"<!-- This site is optimized with the Yoast SEO plugin v27.1.1 - https:\/\/yoast.com\/product\/yoast-seo-wordpress\/ -->\n<title>Chauffeur priv\u00e9 pour vos vacances en Provence | Gentle Provence<\/title>\n<meta name=\"description\" content=\"Cr\u00e9ateur d&#039;excursions personnalis\u00e9es et visites priv\u00e9es avec service de chauffeur premium en Provence, Alpes, C\u00f4te d&#039;Azur \u2713 VTC Van Mercedes jusqu&#039;\u00e0 7 personnes \u2713 Service chauffeur Services transferts et circuits touristiques en Provence.\" \/>\n<meta name=\"robots\" content=\"index, follow, max-snippet:-1, max-image-preview:large, max-video-preview:-1\" \/>\n<link rel=\"canonical\" href=\"https:\/\/gentleprovence.com\/fr\/\" \/>\n<meta property=\"og:locale\" content=\"fr_FR\" \/>\n<meta property=\"og:type\" content=\"article\" \/>\n<meta property=\"og:title\" content=\"Chauffeur priv\u00e9 pour vos vacances en Provence | Gentle Provence\" \/>\n<meta property=\"og:description\" content=\"Cr\u00e9ateur d&#039;excursions personnalis\u00e9es et visites priv\u00e9es avec service de chauffeur premium en Provence, Alpes, C\u00f4te d&#039;Azur \u2713 VTC Van Mercedes jusqu&#039;\u00e0 7 personnes \u2713 Service chauffeur Services transferts et circuits touristiques en Provence.\" \/>\n<meta property=\"og:url\" content=\"https:\/\/gentleprovence.com\/fr\/\" \/>\n<meta property=\"og:site_name\" content=\"Gentle Provence\" \/>\n<meta property=\"article:modified_time\" content=\"2026-01-29T13:19:48+00:00\" \/>\n<meta property=\"og:image\" content=\"https:\/\/gentleprovence.com\/wp-content\/uploads\/2022\/04\/road-in-calanques-scaled.jpg\" \/>\n\t<meta property=\"og:image:width\" content=\"1920\" \/>\n\t<meta property=\"og:image:height\" content=\"1280\" \/>\n\t<meta property=\"og:image:type\" content=\"image\/jpeg\" \/>\n<meta name=\"twitter:card\" content=\"summary_large_image\" \/>\n<meta name=\"twitter:label1\" content=\"Dur\u00e9e de lecture estim\u00e9e\" \/>\n\t<meta name=\"twitter:data1\" content=\"7 minutes\" \/>\n<script type=\"application\/ld+json\" class=\"yoast-schema-graph\">{\"@context\":\"https:\/\/schema.org\",\"@graph\":[{\"@type\":\"WebPage\",\"@id\":\"https:\/\/gentleprovence.com\/fr\/\",\"url\":\"https:\/\/gentleprovence.com\/fr\/\",\"name\":\"Chauffeur priv\u00e9 pour vos vacances en Provence | Gentle Provence\",\"isPartOf\":{\"@id\":\"https:\/\/gentleprovence.com\/fr\/#website\"},\"primaryImageOfPage\":{\"@id\":\"https:\/\/gentleprovence.com\/fr\/#primaryimage\"},\"image\":{\"@id\":\"https:\/\/gentleprovence.com\/fr\/#primaryimage\"},\"thumbnailUrl\":\"https:\/\/gentleprovence.com\/wp-content\/uploads\/2022\/04\/road-in-calanques-scaled.jpg\",\"datePublished\":\"2019-03-26T08:09:23+00:00\",\"dateModified\":\"2026-01-29T13:19:48+00:00\",\"description\":\"Cr\u00e9ateur d'excursions personnalis\u00e9es et visites priv\u00e9es avec service de chauffeur premium en Provence, Alpes, C\u00f4te d'Azur \u2713 VTC Van Mercedes jusqu'\u00e0 7 personnes \u2713 Service chauffeur Services transferts et circuits touristiques en Provence.\",\"breadcrumb\":{\"@id\":\"https:\/\/gentleprovence.com\/fr\/#breadcrumb\"},\"inLanguage\":\"fr-FR\",\"potentialAction\":[{\"@type\":\"ReadAction\",\"target\":[\"https:\/\/gentleprovence.com\/fr\/\"]}]},{\"@type\":\"ImageObject\",\"inLanguage\":\"fr-FR\",\"@id\":\"https:\/\/gentleprovence.com\/fr\/#primaryimage\",\"url\":\"https:\/\/gentleprovence.com\/wp-content\/uploads\/2022\/04\/road-in-calanques-scaled.jpg\",\"contentUrl\":\"https:\/\/gentleprovence.com\/wp-content\/uploads\/2022\/04\/road-in-calanques-scaled.jpg\",\"width\":1920,\"height\":1280,\"caption\":\"calanques provence with road driver | Gentle provence\"},{\"@type\":\"BreadcrumbList\",\"@id\":\"https:\/\/gentleprovence.com\/fr\/#breadcrumb\",\"itemListElement\":[{\"@type\":\"ListItem\",\"position\":1,\"name\":\"Accueil\",\"item\":\"https:\/\/gentleprovence.com\/fr\/\"},{\"@type\":\"ListItem\",\"position\":2,\"name\":\"Accueil\"}]},{\"@type\":\"WebSite\",\"@id\":\"https:\/\/gentleprovence.com\/fr\/#website\",\"url\":\"https:\/\/gentleprovence.com\/fr\/\",\"name\":\"Gentle Provence\",\"description\":\"Cr\u00e9ateur d&#039;excursions personnalis\u00e9es et visites priv\u00e9es avec service de chauffeur premium en Provence, Alpes, C\u00f4te d&#039;Azur \u2713 VTC Van Mercedes jusqu&#039;\u00e0 7 personnes \u2713 Service chauffeur Services transferts et circuits touristiques en Provence.\",\"publisher\":{\"@id\":\"https:\/\/gentleprovence.com\/fr\/#organization\"},\"potentialAction\":[{\"@type\":\"SearchAction\",\"target\":{\"@type\":\"EntryPoint\",\"urlTemplate\":\"https:\/\/gentleprovence.com\/fr\/?s={search_term_string}\"},\"query-input\":{\"@type\":\"PropertyValueSpecification\",\"valueRequired\":true,\"valueName\":\"search_term_string\"}}],\"inLanguage\":\"fr-FR\"},{\"@type\":\"Organization\",\"@id\":\"https:\/\/gentleprovence.com\/fr\/#organization\",\"name\":\"Gentle Provence\",\"url\":\"https:\/\/gentleprovence.com\/fr\/\",\"logo\":{\"@type\":\"ImageObject\",\"inLanguage\":\"fr-FR\",\"@id\":\"https:\/\/gentleprovence.com\/fr\/#\/schema\/logo\/image\/\",\"url\":\"https:\/\/i0.wp.com\/gentleprovence.com\/wp-content\/uploads\/2021\/02\/logo-gentle-p-purple.png?fit=826%2C404&ssl=1\",\"contentUrl\":\"https:\/\/i0.wp.com\/gentleprovence.com\/wp-content\/uploads\/2021\/02\/logo-gentle-p-purple.png?fit=826%2C404&ssl=1\",\"width\":826,\"height\":404,\"caption\":\"Gentle Provence\"},\"image\":{\"@id\":\"https:\/\/gentleprovence.com\/fr\/#\/schema\/logo\/image\/\"}}]}<\/script>\n<!-- \/ Yoast SEO plugin. -->","yoast_head_json":{"title":"Chauffeur priv\u00e9 pour vos vacances en Provence | Gentle Provence","description":"Cr\u00e9ateur d'excursions personnalis\u00e9es et visites priv\u00e9es avec service de chauffeur premium en Provence, Alpes, C\u00f4te d'Azur \u2713 VTC Van Mercedes jusqu'\u00e0 7 personnes \u2713 Service chauffeur Services transferts et circuits touristiques en Provence.","robots":{"index":"index","follow":"follow","max-snippet":"max-snippet:-1","max-image-preview":"max-image-preview:large","max-video-preview":"max-video-preview:-1"},"canonical":"https:\/\/gentleprovence.com\/fr\/","og_locale":"fr_FR","og_type":"article","og_title":"Chauffeur priv\u00e9 pour vos vacances en Provence | Gentle Provence","og_description":"Cr\u00e9ateur d'excursions personnalis\u00e9es et visites priv\u00e9es avec service de chauffeur premium en Provence, Alpes, C\u00f4te d'Azur \u2713 VTC Van Mercedes jusqu'\u00e0 7 personnes \u2713 Service chauffeur Services transferts et circuits touristiques en Provence.","og_url":"https:\/\/gentleprovence.com\/fr\/","og_site_name":"Gentle Provence","article_modified_time":"2026-01-29T13:19:48+00:00","og_image":[{"width":1920,"height":1280,"url":"https:\/\/gentleprovence.com\/wp-content\/uploads\/2022\/04\/road-in-calanques-scaled.jpg","type":"image\/jpeg"}],"twitter_card":"summary_large_image","twitter_misc":{"Dur\u00e9e de lecture estim\u00e9e":"7 minutes"},"schema":{"@context":"https:\/\/schema.org","@graph":[{"@type":"WebPage","@id":"https:\/\/gentleprovence.com\/fr\/","url":"https:\/\/gentleprovence.com\/fr\/","name":"Chauffeur priv\u00e9 pour vos vacances en Provence | Gentle Provence","isPartOf":{"@id":"https:\/\/gentleprovence.com\/fr\/#website"},"primaryImageOfPage":{"@id":"https:\/\/gentleprovence.com\/fr\/#primaryimage"},"image":{"@id":"https:\/\/gentleprovence.com\/fr\/#primaryimage"},"thumbnailUrl":"https:\/\/gentleprovence.com\/wp-content\/uploads\/2022\/04\/road-in-calanques-scaled.jpg","datePublished":"2019-03-26T08:09:23+00:00","dateModified":"2026-01-29T13:19:48+00:00","description":"Cr\u00e9ateur d'excursions personnalis\u00e9es et visites priv\u00e9es avec service de chauffeur premium en Provence, Alpes, C\u00f4te d'Azur \u2713 VTC Van Mercedes jusqu'\u00e0 7 personnes \u2713 Service chauffeur Services transferts et circuits touristiques en Provence.","breadcrumb":{"@id":"https:\/\/gentleprovence.com\/fr\/#breadcrumb"},"inLanguage":"fr-FR","potentialAction":[{"@type":"ReadAction","target":["https:\/\/gentleprovence.com\/fr\/"]}]},{"@type":"ImageObject","inLanguage":"fr-FR","@id":"https:\/\/gentleprovence.com\/fr\/#primaryimage","url":"https:\/\/gentleprovence.com\/wp-content\/uploads\/2022\/04\/road-in-calanques-scaled.jpg","contentUrl":"https:\/\/gentleprovence.com\/wp-content\/uploads\/2022\/04\/road-in-calanques-scaled.jpg","width":1920,"height":1280,"caption":"calanques provence with road driver | Gentle provence"},{"@type":"BreadcrumbList","@id":"https:\/\/gentleprovence.com\/fr\/#breadcrumb","itemListElement":[{"@type":"ListItem","position":1,"name":"Accueil","item":"https:\/\/gentleprovence.com\/fr\/"},{"@type":"ListItem","position":2,"name":"Accueil"}]},{"@type":"WebSite","@id":"https:\/\/gentleprovence.com\/fr\/#website","url":"https:\/\/gentleprovence.com\/fr\/","name":"Gentle Provence","description":"Cr\u00e9ateur d&#039;excursions personnalis\u00e9es et visites priv\u00e9es avec service de chauffeur premium en Provence, Alpes, C\u00f4te d&#039;Azur \u2713 VTC Van Mercedes jusqu&#039;\u00e0 7 personnes \u2713 Service chauffeur Services transferts et circuits touristiques en Provence.","publisher":{"@id":"https:\/\/gentleprovence.com\/fr\/#organization"},"potentialAction":[{"@type":"SearchAction","target":{"@type":"EntryPoint","urlTemplate":"https:\/\/gentleprovence.com\/fr\/?s={search_term_string}"},"query-input":{"@type":"PropertyValueSpecification","valueRequired":true,"valueName":"search_term_string"}}],"inLanguage":"fr-FR"},{"@type":"Organization","@id":"https:\/\/gentleprovence.com\/fr\/#organization","name":"Gentle Provence","url":"https:\/\/gentleprovence.com\/fr\/","logo":{"@type":"ImageObject","inLanguage":"fr-FR","@id":"https:\/\/gentleprovence.com\/fr\/#\/schema\/logo\/image\/","url":"https:\/\/i0.wp.com\/gentleprovence.com\/wp-content\/uploads\/2021\/02\/logo-gentle-p-purple.png?fit=826%2C404&ssl=1","contentUrl":"https:\/\/i0.wp.com\/gentleprovence.com\/wp-content\/uploads\/2021\/02\/logo-gentle-p-purple.png?fit=826%2C404&ssl=1","width":826,"height":404,"caption":"Gentle Provence"},"image":{"@id":"https:\/\/gentleprovence.com\/fr\/#\/schema\/logo\/image\/"}}]}},"_links":{"self":[{"href":"https:\/\/gentleprovence.com\/fr\/wp-json\/wp\/v2\/pages\/5785","targetHints":{"allow":["GET"]}}],"collection":[{"href":"https:\/\/gentleprovence.com\/fr\/wp-json\/wp\/v2\/pages"}],"about":[{"href":"https:\/\/gentleprovence.com\/fr\/wp-json\/wp\/v2\/types\/page"}],"author":[{"embeddable":true,"href":"https:\/\/gentleprovence.com\/fr\/wp-json\/wp\/v2\/users\/1"}],"replies":[{"embeddable":true,"href":"https:\/\/gentleprovence.com\/fr\/wp-json\/wp\/v2\/comments?post=5785"}],"version-history":[{"count":5,"href":"https:\/\/gentleprovence.com\/fr\/wp-json\/wp\/v2\/pages\/5785\/revisions"}],"predecessor-version":[{"id":8265,"href":"https:\/\/gentleprovence.com\/fr\/wp-json\/wp\/v2\/pages\/5785\/revisions\/8265"}],"wp:featuredmedia":[{"embeddable":true,"href":"https:\/\/gentleprovence.com\/fr\/wp-json\/wp\/v2\/media\/6815"}],"wp:attachment":[{"href":"https:\/\/gentleprovence.com\/fr\/wp-json\/wp\/v2\/media?parent=5785"}],"curies":[{"name":"wp","href":"https:\/\/api.w.org\/{rel}","templated":true}]}}