{"id":6064,"date":"2021-05-21T14:47:07","date_gmt":"2021-05-21T12:47:07","guid":{"rendered":"https:\/\/gentleprovence.com\/excursions-sur-lart\/"},"modified":"2022-04-18T23:28:13","modified_gmt":"2022-04-18T21:28:13","slug":"art-excursions","status":"publish","type":"page","link":"https:\/\/gentleprovence.com\/fr\/art-excursions\/","title":{"rendered":"Excursions sur l&rsquo;Art"},"content":{"rendered":"","protected":false},"excerpt":{"rendered":"","protected":false},"author":1,"featured_media":5680,"parent":0,"menu_order":0,"comment_status":"closed","ping_status":"closed","template":"","meta":{"footnotes":""},"class_list":["post-6064","page","type-page","status-publish","has-post-thumbnail","hentry"],"yoast_head":"<!-- This site is optimized with the Yoast SEO plugin v27.4 - https:\/\/yoast.com\/product\/yoast-seo-wordpress\/ -->\n<title>Amateurs d&#039;Art en Provence avec guide chauffeur | Gentle Provence<\/title>\n<meta name=\"description\" content=\"Van Gogh et C\u00e9zanne s&#039;y sont install\u00e9s. L&#039;art est une forme d&#039;expression dans le sud de la France, inspir\u00e9e par le paysage remarquable et l&#039;histoire mill\u00e9naire.\" \/>\n<meta name=\"robots\" content=\"index, follow, max-snippet:-1, max-image-preview:large, max-video-preview:-1\" \/>\n<link rel=\"canonical\" href=\"https:\/\/gentleprovence.com\/fr\/art-excursions\/\" \/>\n<meta property=\"og:locale\" content=\"fr_FR\" \/>\n<meta property=\"og:type\" content=\"article\" \/>\n<meta property=\"og:title\" content=\"Amateurs d&#039;Art en Provence avec guide chauffeur | Gentle Provence\" \/>\n<meta property=\"og:description\" content=\"Van Gogh et C\u00e9zanne s&#039;y sont install\u00e9s. L&#039;art est une forme d&#039;expression dans le sud de la France, inspir\u00e9e par le paysage remarquable et l&#039;histoire mill\u00e9naire.\" \/>\n<meta property=\"og:url\" content=\"https:\/\/gentleprovence.com\/fr\/art-excursions\/\" \/>\n<meta property=\"og:site_name\" content=\"Gentle Provence\" \/>\n<meta property=\"article:modified_time\" content=\"2022-04-18T21:28:13+00:00\" \/>\n<meta property=\"og:image\" content=\"https:\/\/gentleprovence.com\/wp-content\/uploads\/2021\/05\/art-tour.jpeg\" \/>\n\t<meta property=\"og:image:width\" content=\"1300\" \/>\n\t<meta property=\"og:image:height\" content=\"975\" \/>\n\t<meta property=\"og:image:type\" content=\"image\/jpeg\" \/>\n<meta name=\"twitter:card\" content=\"summary_large_image\" \/>\n<script type=\"application\/ld+json\" class=\"yoast-schema-graph\">{\"@context\":\"https:\\\/\\\/schema.org\",\"@graph\":[{\"@type\":\"WebPage\",\"@id\":\"https:\\\/\\\/gentleprovence.com\\\/fr\\\/art-excursions\\\/\",\"url\":\"https:\\\/\\\/gentleprovence.com\\\/fr\\\/art-excursions\\\/\",\"name\":\"Amateurs d'Art en Provence avec guide chauffeur | Gentle Provence\",\"isPartOf\":{\"@id\":\"https:\\\/\\\/gentleprovence.com\\\/fr\\\/#website\"},\"primaryImageOfPage\":{\"@id\":\"https:\\\/\\\/gentleprovence.com\\\/fr\\\/art-excursions\\\/#primaryimage\"},\"image\":{\"@id\":\"https:\\\/\\\/gentleprovence.com\\\/fr\\\/art-excursions\\\/#primaryimage\"},\"thumbnailUrl\":\"https:\\\/\\\/gentleprovence.com\\\/wp-content\\\/uploads\\\/2021\\\/05\\\/art-tour.jpeg\",\"datePublished\":\"2021-05-21T12:47:07+00:00\",\"dateModified\":\"2022-04-18T21:28:13+00:00\",\"description\":\"Van Gogh et C\u00e9zanne s'y sont install\u00e9s. L'art est une forme d'expression dans le sud de la France, inspir\u00e9e par le paysage remarquable et l'histoire mill\u00e9naire.\",\"breadcrumb\":{\"@id\":\"https:\\\/\\\/gentleprovence.com\\\/fr\\\/art-excursions\\\/#breadcrumb\"},\"inLanguage\":\"fr-FR\",\"potentialAction\":[{\"@type\":\"ReadAction\",\"target\":[\"https:\\\/\\\/gentleprovence.com\\\/fr\\\/art-excursions\\\/\"]}]},{\"@type\":\"ImageObject\",\"inLanguage\":\"fr-FR\",\"@id\":\"https:\\\/\\\/gentleprovence.com\\\/fr\\\/art-excursions\\\/#primaryimage\",\"url\":\"https:\\\/\\\/gentleprovence.com\\\/wp-content\\\/uploads\\\/2021\\\/05\\\/art-tour.jpeg\",\"contentUrl\":\"https:\\\/\\\/gentleprovence.com\\\/wp-content\\\/uploads\\\/2021\\\/05\\\/art-tour.jpeg\",\"width\":1300,\"height\":975,\"caption\":\"Art Tour | Gentle provence\"},{\"@type\":\"BreadcrumbList\",\"@id\":\"https:\\\/\\\/gentleprovence.com\\\/fr\\\/art-excursions\\\/#breadcrumb\",\"itemListElement\":[{\"@type\":\"ListItem\",\"position\":1,\"name\":\"Accueil\",\"item\":\"https:\\\/\\\/gentleprovence.com\\\/fr\\\/\"},{\"@type\":\"ListItem\",\"position\":2,\"name\":\"Excursions sur l&rsquo;Art\"}]},{\"@type\":\"WebSite\",\"@id\":\"https:\\\/\\\/gentleprovence.com\\\/fr\\\/#website\",\"url\":\"https:\\\/\\\/gentleprovence.com\\\/fr\\\/\",\"name\":\"Gentle Provence\",\"description\":\"Private tours in Provence from Aix - Marseille\",\"publisher\":{\"@id\":\"https:\\\/\\\/gentleprovence.com\\\/fr\\\/#organization\"},\"potentialAction\":[{\"@type\":\"SearchAction\",\"target\":{\"@type\":\"EntryPoint\",\"urlTemplate\":\"https:\\\/\\\/gentleprovence.com\\\/fr\\\/?s={search_term_string}\"},\"query-input\":{\"@type\":\"PropertyValueSpecification\",\"valueRequired\":true,\"valueName\":\"search_term_string\"}}],\"inLanguage\":\"fr-FR\"},{\"@type\":\"Organization\",\"@id\":\"https:\\\/\\\/gentleprovence.com\\\/fr\\\/#organization\",\"name\":\"Gentle Provence\",\"url\":\"https:\\\/\\\/gentleprovence.com\\\/fr\\\/\",\"logo\":{\"@type\":\"ImageObject\",\"inLanguage\":\"fr-FR\",\"@id\":\"https:\\\/\\\/gentleprovence.com\\\/fr\\\/#\\\/schema\\\/logo\\\/image\\\/\",\"url\":\"https:\\\/\\\/i0.wp.com\\\/gentleprovence.com\\\/wp-content\\\/uploads\\\/2021\\\/02\\\/logo-gentle-p-purple.png?fit=826%2C404&ssl=1\",\"contentUrl\":\"https:\\\/\\\/i0.wp.com\\\/gentleprovence.com\\\/wp-content\\\/uploads\\\/2021\\\/02\\\/logo-gentle-p-purple.png?fit=826%2C404&ssl=1\",\"width\":826,\"height\":404,\"caption\":\"Gentle Provence\"},\"image\":{\"@id\":\"https:\\\/\\\/gentleprovence.com\\\/fr\\\/#\\\/schema\\\/logo\\\/image\\\/\"}}]}<\/script>\n<!-- \/ Yoast SEO plugin. -->","yoast_head_json":{"title":"Amateurs d'Art en Provence avec guide chauffeur | Gentle Provence","description":"Van Gogh et C\u00e9zanne s'y sont install\u00e9s. L'art est une forme d'expression dans le sud de la France, inspir\u00e9e par le paysage remarquable et l'histoire mill\u00e9naire.","robots":{"index":"index","follow":"follow","max-snippet":"max-snippet:-1","max-image-preview":"max-image-preview:large","max-video-preview":"max-video-preview:-1"},"canonical":"https:\/\/gentleprovence.com\/fr\/art-excursions\/","og_locale":"fr_FR","og_type":"article","og_title":"Amateurs d'Art en Provence avec guide chauffeur | Gentle Provence","og_description":"Van Gogh et C\u00e9zanne s'y sont install\u00e9s. L'art est une forme d'expression dans le sud de la France, inspir\u00e9e par le paysage remarquable et l'histoire mill\u00e9naire.","og_url":"https:\/\/gentleprovence.com\/fr\/art-excursions\/","og_site_name":"Gentle Provence","article_modified_time":"2022-04-18T21:28:13+00:00","og_image":[{"width":1300,"height":975,"url":"https:\/\/gentleprovence.com\/wp-content\/uploads\/2021\/05\/art-tour.jpeg","type":"image\/jpeg"}],"twitter_card":"summary_large_image","schema":{"@context":"https:\/\/schema.org","@graph":[{"@type":"WebPage","@id":"https:\/\/gentleprovence.com\/fr\/art-excursions\/","url":"https:\/\/gentleprovence.com\/fr\/art-excursions\/","name":"Amateurs d'Art en Provence avec guide chauffeur | Gentle Provence","isPartOf":{"@id":"https:\/\/gentleprovence.com\/fr\/#website"},"primaryImageOfPage":{"@id":"https:\/\/gentleprovence.com\/fr\/art-excursions\/#primaryimage"},"image":{"@id":"https:\/\/gentleprovence.com\/fr\/art-excursions\/#primaryimage"},"thumbnailUrl":"https:\/\/gentleprovence.com\/wp-content\/uploads\/2021\/05\/art-tour.jpeg","datePublished":"2021-05-21T12:47:07+00:00","dateModified":"2022-04-18T21:28:13+00:00","description":"Van Gogh et C\u00e9zanne s'y sont install\u00e9s. L'art est une forme d'expression dans le sud de la France, inspir\u00e9e par le paysage remarquable et l'histoire mill\u00e9naire.","breadcrumb":{"@id":"https:\/\/gentleprovence.com\/fr\/art-excursions\/#breadcrumb"},"inLanguage":"fr-FR","potentialAction":[{"@type":"ReadAction","target":["https:\/\/gentleprovence.com\/fr\/art-excursions\/"]}]},{"@type":"ImageObject","inLanguage":"fr-FR","@id":"https:\/\/gentleprovence.com\/fr\/art-excursions\/#primaryimage","url":"https:\/\/gentleprovence.com\/wp-content\/uploads\/2021\/05\/art-tour.jpeg","contentUrl":"https:\/\/gentleprovence.com\/wp-content\/uploads\/2021\/05\/art-tour.jpeg","width":1300,"height":975,"caption":"Art Tour | Gentle provence"},{"@type":"BreadcrumbList","@id":"https:\/\/gentleprovence.com\/fr\/art-excursions\/#breadcrumb","itemListElement":[{"@type":"ListItem","position":1,"name":"Accueil","item":"https:\/\/gentleprovence.com\/fr\/"},{"@type":"ListItem","position":2,"name":"Excursions sur l&rsquo;Art"}]},{"@type":"WebSite","@id":"https:\/\/gentleprovence.com\/fr\/#website","url":"https:\/\/gentleprovence.com\/fr\/","name":"Gentle Provence","description":"Private tours in Provence from Aix - Marseille","publisher":{"@id":"https:\/\/gentleprovence.com\/fr\/#organization"},"potentialAction":[{"@type":"SearchAction","target":{"@type":"EntryPoint","urlTemplate":"https:\/\/gentleprovence.com\/fr\/?s={search_term_string}"},"query-input":{"@type":"PropertyValueSpecification","valueRequired":true,"valueName":"search_term_string"}}],"inLanguage":"fr-FR"},{"@type":"Organization","@id":"https:\/\/gentleprovence.com\/fr\/#organization","name":"Gentle Provence","url":"https:\/\/gentleprovence.com\/fr\/","logo":{"@type":"ImageObject","inLanguage":"fr-FR","@id":"https:\/\/gentleprovence.com\/fr\/#\/schema\/logo\/image\/","url":"https:\/\/i0.wp.com\/gentleprovence.com\/wp-content\/uploads\/2021\/02\/logo-gentle-p-purple.png?fit=826%2C404&ssl=1","contentUrl":"https:\/\/i0.wp.com\/gentleprovence.com\/wp-content\/uploads\/2021\/02\/logo-gentle-p-purple.png?fit=826%2C404&ssl=1","width":826,"height":404,"caption":"Gentle Provence"},"image":{"@id":"https:\/\/gentleprovence.com\/fr\/#\/schema\/logo\/image\/"}}]}},"_links":{"self":[{"href":"https:\/\/gentleprovence.com\/fr\/wp-json\/wp\/v2\/pages\/6064","targetHints":{"allow":["GET"]}}],"collection":[{"href":"https:\/\/gentleprovence.com\/fr\/wp-json\/wp\/v2\/pages"}],"about":[{"href":"https:\/\/gentleprovence.com\/fr\/wp-json\/wp\/v2\/types\/page"}],"author":[{"embeddable":true,"href":"https:\/\/gentleprovence.com\/fr\/wp-json\/wp\/v2\/users\/1"}],"replies":[{"embeddable":true,"href":"https:\/\/gentleprovence.com\/fr\/wp-json\/wp\/v2\/comments?post=6064"}],"version-history":[{"count":0,"href":"https:\/\/gentleprovence.com\/fr\/wp-json\/wp\/v2\/pages\/6064\/revisions"}],"wp:featuredmedia":[{"embeddable":true,"href":"https:\/\/gentleprovence.com\/fr\/wp-json\/wp\/v2\/media\/5680"}],"wp:attachment":[{"href":"https:\/\/gentleprovence.com\/fr\/wp-json\/wp\/v2\/media?parent=6064"}],"curies":[{"name":"wp","href":"https:\/\/api.w.org\/{rel}","templated":true}]}}