{"id":6113,"date":"2021-05-22T23:39:20","date_gmt":"2021-05-22T21:39:20","guid":{"rendered":"https:\/\/gentleprovence.com\/politique-de-confidentialite\/"},"modified":"2022-04-18T22:57:35","modified_gmt":"2022-04-18T20:57:35","slug":"politique-de-confidentialite","status":"publish","type":"page","link":"https:\/\/gentleprovence.com\/fr\/politique-de-confidentialite\/","title":{"rendered":"Politique de confidentialit\u00e9"},"content":{"rendered":"","protected":false},"excerpt":{"rendered":"","protected":false},"author":1,"featured_media":0,"parent":0,"menu_order":0,"comment_status":"closed","ping_status":"closed","template":"","meta":{"footnotes":""},"class_list":["post-6113","page","type-page","status-publish","hentry"],"yoast_head":"<!-- This site is optimized with the Yoast SEO plugin v27.4 - https:\/\/yoast.com\/product\/yoast-seo-wordpress\/ -->\n<title>Politique de confidentialit\u00e9 | Gentle Provence<\/title>\n<meta name=\"description\" content=\"Chez Gentle Provence, nous prenons votre vie priv\u00e9e au s\u00e9rieux et n&#039;utilisons vos informations personnelles que pour fournir les produits et services que vous nous avez demand\u00e9s.\" \/>\n<meta name=\"robots\" content=\"index, follow, max-snippet:-1, max-image-preview:large, max-video-preview:-1\" \/>\n<link rel=\"canonical\" href=\"https:\/\/gentleprovence.com\/fr\/politique-de-confidentialite\/\" \/>\n<meta property=\"og:locale\" content=\"fr_FR\" \/>\n<meta property=\"og:type\" content=\"article\" \/>\n<meta property=\"og:title\" content=\"Politique de confidentialit\u00e9 | Gentle Provence\" \/>\n<meta property=\"og:description\" content=\"Chez Gentle Provence, nous prenons votre vie priv\u00e9e au s\u00e9rieux et n&#039;utilisons vos informations personnelles que pour fournir les produits et services que vous nous avez demand\u00e9s.\" \/>\n<meta property=\"og:url\" content=\"https:\/\/gentleprovence.com\/fr\/politique-de-confidentialite\/\" \/>\n<meta property=\"og:site_name\" content=\"Gentle Provence\" \/>\n<meta property=\"article:modified_time\" content=\"2022-04-18T20:57:35+00:00\" \/>\n<meta name=\"twitter:card\" content=\"summary_large_image\" \/>\n<script type=\"application\/ld+json\" class=\"yoast-schema-graph\">{\"@context\":\"https:\\\/\\\/schema.org\",\"@graph\":[{\"@type\":\"WebPage\",\"@id\":\"https:\\\/\\\/gentleprovence.com\\\/fr\\\/politique-de-confidentialite\\\/\",\"url\":\"https:\\\/\\\/gentleprovence.com\\\/fr\\\/politique-de-confidentialite\\\/\",\"name\":\"Politique de confidentialit\u00e9 | Gentle Provence\",\"isPartOf\":{\"@id\":\"https:\\\/\\\/gentleprovence.com\\\/fr\\\/#website\"},\"datePublished\":\"2021-05-22T21:39:20+00:00\",\"dateModified\":\"2022-04-18T20:57:35+00:00\",\"description\":\"Chez Gentle Provence, nous prenons votre vie priv\u00e9e au s\u00e9rieux et n'utilisons vos informations personnelles que pour fournir les produits et services que vous nous avez demand\u00e9s.\",\"breadcrumb\":{\"@id\":\"https:\\\/\\\/gentleprovence.com\\\/fr\\\/politique-de-confidentialite\\\/#breadcrumb\"},\"inLanguage\":\"fr-FR\",\"potentialAction\":[{\"@type\":\"ReadAction\",\"target\":[\"https:\\\/\\\/gentleprovence.com\\\/fr\\\/politique-de-confidentialite\\\/\"]}]},{\"@type\":\"BreadcrumbList\",\"@id\":\"https:\\\/\\\/gentleprovence.com\\\/fr\\\/politique-de-confidentialite\\\/#breadcrumb\",\"itemListElement\":[{\"@type\":\"ListItem\",\"position\":1,\"name\":\"Accueil\",\"item\":\"https:\\\/\\\/gentleprovence.com\\\/fr\\\/\"},{\"@type\":\"ListItem\",\"position\":2,\"name\":\"Politique de confidentialit\u00e9\"}]},{\"@type\":\"WebSite\",\"@id\":\"https:\\\/\\\/gentleprovence.com\\\/fr\\\/#website\",\"url\":\"https:\\\/\\\/gentleprovence.com\\\/fr\\\/\",\"name\":\"Gentle Provence\",\"description\":\"Private tours in Provence from Aix - Marseille\",\"publisher\":{\"@id\":\"https:\\\/\\\/gentleprovence.com\\\/fr\\\/#organization\"},\"potentialAction\":[{\"@type\":\"SearchAction\",\"target\":{\"@type\":\"EntryPoint\",\"urlTemplate\":\"https:\\\/\\\/gentleprovence.com\\\/fr\\\/?s={search_term_string}\"},\"query-input\":{\"@type\":\"PropertyValueSpecification\",\"valueRequired\":true,\"valueName\":\"search_term_string\"}}],\"inLanguage\":\"fr-FR\"},{\"@type\":\"Organization\",\"@id\":\"https:\\\/\\\/gentleprovence.com\\\/fr\\\/#organization\",\"name\":\"Gentle Provence\",\"url\":\"https:\\\/\\\/gentleprovence.com\\\/fr\\\/\",\"logo\":{\"@type\":\"ImageObject\",\"inLanguage\":\"fr-FR\",\"@id\":\"https:\\\/\\\/gentleprovence.com\\\/fr\\\/#\\\/schema\\\/logo\\\/image\\\/\",\"url\":\"https:\\\/\\\/i0.wp.com\\\/gentleprovence.com\\\/wp-content\\\/uploads\\\/2021\\\/02\\\/logo-gentle-p-purple.png?fit=826%2C404&ssl=1\",\"contentUrl\":\"https:\\\/\\\/i0.wp.com\\\/gentleprovence.com\\\/wp-content\\\/uploads\\\/2021\\\/02\\\/logo-gentle-p-purple.png?fit=826%2C404&ssl=1\",\"width\":826,\"height\":404,\"caption\":\"Gentle Provence\"},\"image\":{\"@id\":\"https:\\\/\\\/gentleprovence.com\\\/fr\\\/#\\\/schema\\\/logo\\\/image\\\/\"}}]}<\/script>\n<!-- \/ Yoast SEO plugin. -->","yoast_head_json":{"title":"Politique de confidentialit\u00e9 | Gentle Provence","description":"Chez Gentle Provence, nous prenons votre vie priv\u00e9e au s\u00e9rieux et n'utilisons vos informations personnelles que pour fournir les produits et services que vous nous avez demand\u00e9s.","robots":{"index":"index","follow":"follow","max-snippet":"max-snippet:-1","max-image-preview":"max-image-preview:large","max-video-preview":"max-video-preview:-1"},"canonical":"https:\/\/gentleprovence.com\/fr\/politique-de-confidentialite\/","og_locale":"fr_FR","og_type":"article","og_title":"Politique de confidentialit\u00e9 | Gentle Provence","og_description":"Chez Gentle Provence, nous prenons votre vie priv\u00e9e au s\u00e9rieux et n'utilisons vos informations personnelles que pour fournir les produits et services que vous nous avez demand\u00e9s.","og_url":"https:\/\/gentleprovence.com\/fr\/politique-de-confidentialite\/","og_site_name":"Gentle Provence","article_modified_time":"2022-04-18T20:57:35+00:00","twitter_card":"summary_large_image","schema":{"@context":"https:\/\/schema.org","@graph":[{"@type":"WebPage","@id":"https:\/\/gentleprovence.com\/fr\/politique-de-confidentialite\/","url":"https:\/\/gentleprovence.com\/fr\/politique-de-confidentialite\/","name":"Politique de confidentialit\u00e9 | Gentle Provence","isPartOf":{"@id":"https:\/\/gentleprovence.com\/fr\/#website"},"datePublished":"2021-05-22T21:39:20+00:00","dateModified":"2022-04-18T20:57:35+00:00","description":"Chez Gentle Provence, nous prenons votre vie priv\u00e9e au s\u00e9rieux et n'utilisons vos informations personnelles que pour fournir les produits et services que vous nous avez demand\u00e9s.","breadcrumb":{"@id":"https:\/\/gentleprovence.com\/fr\/politique-de-confidentialite\/#breadcrumb"},"inLanguage":"fr-FR","potentialAction":[{"@type":"ReadAction","target":["https:\/\/gentleprovence.com\/fr\/politique-de-confidentialite\/"]}]},{"@type":"BreadcrumbList","@id":"https:\/\/gentleprovence.com\/fr\/politique-de-confidentialite\/#breadcrumb","itemListElement":[{"@type":"ListItem","position":1,"name":"Accueil","item":"https:\/\/gentleprovence.com\/fr\/"},{"@type":"ListItem","position":2,"name":"Politique de confidentialit\u00e9"}]},{"@type":"WebSite","@id":"https:\/\/gentleprovence.com\/fr\/#website","url":"https:\/\/gentleprovence.com\/fr\/","name":"Gentle Provence","description":"Private tours in Provence from Aix - Marseille","publisher":{"@id":"https:\/\/gentleprovence.com\/fr\/#organization"},"potentialAction":[{"@type":"SearchAction","target":{"@type":"EntryPoint","urlTemplate":"https:\/\/gentleprovence.com\/fr\/?s={search_term_string}"},"query-input":{"@type":"PropertyValueSpecification","valueRequired":true,"valueName":"search_term_string"}}],"inLanguage":"fr-FR"},{"@type":"Organization","@id":"https:\/\/gentleprovence.com\/fr\/#organization","name":"Gentle Provence","url":"https:\/\/gentleprovence.com\/fr\/","logo":{"@type":"ImageObject","inLanguage":"fr-FR","@id":"https:\/\/gentleprovence.com\/fr\/#\/schema\/logo\/image\/","url":"https:\/\/i0.wp.com\/gentleprovence.com\/wp-content\/uploads\/2021\/02\/logo-gentle-p-purple.png?fit=826%2C404&ssl=1","contentUrl":"https:\/\/i0.wp.com\/gentleprovence.com\/wp-content\/uploads\/2021\/02\/logo-gentle-p-purple.png?fit=826%2C404&ssl=1","width":826,"height":404,"caption":"Gentle Provence"},"image":{"@id":"https:\/\/gentleprovence.com\/fr\/#\/schema\/logo\/image\/"}}]}},"_links":{"self":[{"href":"https:\/\/gentleprovence.com\/fr\/wp-json\/wp\/v2\/pages\/6113","targetHints":{"allow":["GET"]}}],"collection":[{"href":"https:\/\/gentleprovence.com\/fr\/wp-json\/wp\/v2\/pages"}],"about":[{"href":"https:\/\/gentleprovence.com\/fr\/wp-json\/wp\/v2\/types\/page"}],"author":[{"embeddable":true,"href":"https:\/\/gentleprovence.com\/fr\/wp-json\/wp\/v2\/users\/1"}],"replies":[{"embeddable":true,"href":"https:\/\/gentleprovence.com\/fr\/wp-json\/wp\/v2\/comments?post=6113"}],"version-history":[{"count":0,"href":"https:\/\/gentleprovence.com\/fr\/wp-json\/wp\/v2\/pages\/6113\/revisions"}],"wp:attachment":[{"href":"https:\/\/gentleprovence.com\/fr\/wp-json\/wp\/v2\/media?parent=6113"}],"curies":[{"name":"wp","href":"https:\/\/api.w.org\/{rel}","templated":true}]}}