{"id":6130,"date":"2021-05-15T11:53:06","date_gmt":"2021-05-15T09:53:06","guid":{"rendered":"https:\/\/gentleprovence.com\/transfers-list\/"},"modified":"2025-10-23T10:24:12","modified_gmt":"2025-10-23T08:24:12","slug":"transferts-chauffeur-service","status":"publish","type":"page","link":"https:\/\/gentleprovence.com\/fr\/transferts-chauffeur-service\/","title":{"rendered":"Transferts Premium en Provence"},"content":{"rendered":"","protected":false},"excerpt":{"rendered":"","protected":false},"author":1,"featured_media":6884,"parent":0,"menu_order":0,"comment_status":"closed","ping_status":"closed","template":"","meta":{"footnotes":""},"class_list":["post-6130","page","type-page","status-publish","has-post-thumbnail","hentry"],"yoast_head":"<!-- This site is optimized with the Yoast SEO plugin v27.4 - https:\/\/yoast.com\/product\/yoast-seo-wordpress\/ -->\n<title>Transferts Premium en Provence | Gentle Provence<\/title>\n<meta name=\"description\" content=\"R\u00e9servez vos Transferts avec l&#039;exclusivit\u00e9 d\u2019un v\u00e9hicule de luxe \u2713 A\u00e9roports, Trains, Villes, Ports avec Gentle Provence \u2713 V\u00e9hicule certifi\u00e9, fiabilit\u00e9 maximale pour votre transfert.\" \/>\n<meta name=\"robots\" content=\"index, follow, max-snippet:-1, max-image-preview:large, max-video-preview:-1\" \/>\n<link rel=\"canonical\" href=\"https:\/\/gentleprovence.com\/fr\/transferts-chauffeur-service\/\" \/>\n<meta property=\"og:locale\" content=\"fr_FR\" \/>\n<meta property=\"og:type\" content=\"article\" \/>\n<meta property=\"og:title\" content=\"Transferts Premium en Provence | Gentle Provence\" \/>\n<meta property=\"og:description\" content=\"R\u00e9servez vos Transferts avec l&#039;exclusivit\u00e9 d\u2019un v\u00e9hicule de luxe \u2713 A\u00e9roports, Trains, Villes, Ports avec Gentle Provence \u2713 V\u00e9hicule certifi\u00e9, fiabilit\u00e9 maximale pour votre transfert.\" \/>\n<meta property=\"og:url\" content=\"https:\/\/gentleprovence.com\/fr\/transferts-chauffeur-service\/\" \/>\n<meta property=\"og:site_name\" content=\"Gentle Provence\" \/>\n<meta property=\"article:modified_time\" content=\"2025-10-23T08:24:12+00:00\" \/>\n<meta property=\"og:image\" content=\"https:\/\/gentleprovence.com\/wp-content\/uploads\/2022\/04\/remi-duvert-avec-van-mercedes-chauffeur.jpg\" \/>\n\t<meta property=\"og:image:width\" content=\"828\" \/>\n\t<meta property=\"og:image:height\" content=\"828\" \/>\n\t<meta property=\"og:image:type\" content=\"image\/jpeg\" \/>\n<meta name=\"twitter:card\" content=\"summary_large_image\" \/>\n<meta name=\"twitter:label1\" content=\"Dur\u00e9e de lecture estim\u00e9e\" \/>\n\t<meta name=\"twitter:data1\" content=\"3 minutes\" \/>\n<script type=\"application\/ld+json\" class=\"yoast-schema-graph\">{\"@context\":\"https:\\\/\\\/schema.org\",\"@graph\":[{\"@type\":\"WebPage\",\"@id\":\"https:\\\/\\\/gentleprovence.com\\\/fr\\\/transferts-chauffeur-service\\\/\",\"url\":\"https:\\\/\\\/gentleprovence.com\\\/fr\\\/transferts-chauffeur-service\\\/\",\"name\":\"Transferts Premium en Provence | Gentle Provence\",\"isPartOf\":{\"@id\":\"https:\\\/\\\/gentleprovence.com\\\/fr\\\/#website\"},\"primaryImageOfPage\":{\"@id\":\"https:\\\/\\\/gentleprovence.com\\\/fr\\\/transferts-chauffeur-service\\\/#primaryimage\"},\"image\":{\"@id\":\"https:\\\/\\\/gentleprovence.com\\\/fr\\\/transferts-chauffeur-service\\\/#primaryimage\"},\"thumbnailUrl\":\"https:\\\/\\\/gentleprovence.com\\\/wp-content\\\/uploads\\\/2022\\\/04\\\/remi-duvert-avec-van-mercedes-chauffeur.jpg\",\"datePublished\":\"2021-05-15T09:53:06+00:00\",\"dateModified\":\"2025-10-23T08:24:12+00:00\",\"description\":\"R\u00e9servez vos Transferts avec l'exclusivit\u00e9 d\u2019un v\u00e9hicule de luxe \u2713 A\u00e9roports, Trains, Villes, Ports avec Gentle Provence \u2713 V\u00e9hicule certifi\u00e9, fiabilit\u00e9 maximale pour votre transfert.\",\"breadcrumb\":{\"@id\":\"https:\\\/\\\/gentleprovence.com\\\/fr\\\/transferts-chauffeur-service\\\/#breadcrumb\"},\"inLanguage\":\"fr-FR\",\"potentialAction\":[{\"@type\":\"ReadAction\",\"target\":[\"https:\\\/\\\/gentleprovence.com\\\/fr\\\/transferts-chauffeur-service\\\/\"]}]},{\"@type\":\"ImageObject\",\"inLanguage\":\"fr-FR\",\"@id\":\"https:\\\/\\\/gentleprovence.com\\\/fr\\\/transferts-chauffeur-service\\\/#primaryimage\",\"url\":\"https:\\\/\\\/gentleprovence.com\\\/wp-content\\\/uploads\\\/2022\\\/04\\\/remi-duvert-avec-van-mercedes-chauffeur.jpg\",\"contentUrl\":\"https:\\\/\\\/gentleprovence.com\\\/wp-content\\\/uploads\\\/2022\\\/04\\\/remi-duvert-avec-van-mercedes-chauffeur.jpg\",\"width\":828,\"height\":828,\"caption\":\"remi duvert avec van mercedes chauffeur | Gentle provence\"},{\"@type\":\"BreadcrumbList\",\"@id\":\"https:\\\/\\\/gentleprovence.com\\\/fr\\\/transferts-chauffeur-service\\\/#breadcrumb\",\"itemListElement\":[{\"@type\":\"ListItem\",\"position\":1,\"name\":\"Accueil\",\"item\":\"https:\\\/\\\/gentleprovence.com\\\/fr\\\/\"},{\"@type\":\"ListItem\",\"position\":2,\"name\":\"Transferts Premium en Provence\"}]},{\"@type\":\"WebSite\",\"@id\":\"https:\\\/\\\/gentleprovence.com\\\/fr\\\/#website\",\"url\":\"https:\\\/\\\/gentleprovence.com\\\/fr\\\/\",\"name\":\"Gentle Provence\",\"description\":\"Private tours in Provence from Aix - Marseille\",\"publisher\":{\"@id\":\"https:\\\/\\\/gentleprovence.com\\\/fr\\\/#organization\"},\"potentialAction\":[{\"@type\":\"SearchAction\",\"target\":{\"@type\":\"EntryPoint\",\"urlTemplate\":\"https:\\\/\\\/gentleprovence.com\\\/fr\\\/?s={search_term_string}\"},\"query-input\":{\"@type\":\"PropertyValueSpecification\",\"valueRequired\":true,\"valueName\":\"search_term_string\"}}],\"inLanguage\":\"fr-FR\"},{\"@type\":\"Organization\",\"@id\":\"https:\\\/\\\/gentleprovence.com\\\/fr\\\/#organization\",\"name\":\"Gentle Provence\",\"url\":\"https:\\\/\\\/gentleprovence.com\\\/fr\\\/\",\"logo\":{\"@type\":\"ImageObject\",\"inLanguage\":\"fr-FR\",\"@id\":\"https:\\\/\\\/gentleprovence.com\\\/fr\\\/#\\\/schema\\\/logo\\\/image\\\/\",\"url\":\"https:\\\/\\\/i0.wp.com\\\/gentleprovence.com\\\/wp-content\\\/uploads\\\/2021\\\/02\\\/logo-gentle-p-purple.png?fit=826%2C404&ssl=1\",\"contentUrl\":\"https:\\\/\\\/i0.wp.com\\\/gentleprovence.com\\\/wp-content\\\/uploads\\\/2021\\\/02\\\/logo-gentle-p-purple.png?fit=826%2C404&ssl=1\",\"width\":826,\"height\":404,\"caption\":\"Gentle Provence\"},\"image\":{\"@id\":\"https:\\\/\\\/gentleprovence.com\\\/fr\\\/#\\\/schema\\\/logo\\\/image\\\/\"}}]}<\/script>\n<!-- \/ Yoast SEO plugin. -->","yoast_head_json":{"title":"Transferts Premium en Provence | Gentle Provence","description":"R\u00e9servez vos Transferts avec l'exclusivit\u00e9 d\u2019un v\u00e9hicule de luxe \u2713 A\u00e9roports, Trains, Villes, Ports avec Gentle Provence \u2713 V\u00e9hicule certifi\u00e9, fiabilit\u00e9 maximale pour votre transfert.","robots":{"index":"index","follow":"follow","max-snippet":"max-snippet:-1","max-image-preview":"max-image-preview:large","max-video-preview":"max-video-preview:-1"},"canonical":"https:\/\/gentleprovence.com\/fr\/transferts-chauffeur-service\/","og_locale":"fr_FR","og_type":"article","og_title":"Transferts Premium en Provence | Gentle Provence","og_description":"R\u00e9servez vos Transferts avec l'exclusivit\u00e9 d\u2019un v\u00e9hicule de luxe \u2713 A\u00e9roports, Trains, Villes, Ports avec Gentle Provence \u2713 V\u00e9hicule certifi\u00e9, fiabilit\u00e9 maximale pour votre transfert.","og_url":"https:\/\/gentleprovence.com\/fr\/transferts-chauffeur-service\/","og_site_name":"Gentle Provence","article_modified_time":"2025-10-23T08:24:12+00:00","og_image":[{"width":828,"height":828,"url":"https:\/\/gentleprovence.com\/wp-content\/uploads\/2022\/04\/remi-duvert-avec-van-mercedes-chauffeur.jpg","type":"image\/jpeg"}],"twitter_card":"summary_large_image","twitter_misc":{"Dur\u00e9e de lecture estim\u00e9e":"3 minutes"},"schema":{"@context":"https:\/\/schema.org","@graph":[{"@type":"WebPage","@id":"https:\/\/gentleprovence.com\/fr\/transferts-chauffeur-service\/","url":"https:\/\/gentleprovence.com\/fr\/transferts-chauffeur-service\/","name":"Transferts Premium en Provence | Gentle Provence","isPartOf":{"@id":"https:\/\/gentleprovence.com\/fr\/#website"},"primaryImageOfPage":{"@id":"https:\/\/gentleprovence.com\/fr\/transferts-chauffeur-service\/#primaryimage"},"image":{"@id":"https:\/\/gentleprovence.com\/fr\/transferts-chauffeur-service\/#primaryimage"},"thumbnailUrl":"https:\/\/gentleprovence.com\/wp-content\/uploads\/2022\/04\/remi-duvert-avec-van-mercedes-chauffeur.jpg","datePublished":"2021-05-15T09:53:06+00:00","dateModified":"2025-10-23T08:24:12+00:00","description":"R\u00e9servez vos Transferts avec l'exclusivit\u00e9 d\u2019un v\u00e9hicule de luxe \u2713 A\u00e9roports, Trains, Villes, Ports avec Gentle Provence \u2713 V\u00e9hicule certifi\u00e9, fiabilit\u00e9 maximale pour votre transfert.","breadcrumb":{"@id":"https:\/\/gentleprovence.com\/fr\/transferts-chauffeur-service\/#breadcrumb"},"inLanguage":"fr-FR","potentialAction":[{"@type":"ReadAction","target":["https:\/\/gentleprovence.com\/fr\/transferts-chauffeur-service\/"]}]},{"@type":"ImageObject","inLanguage":"fr-FR","@id":"https:\/\/gentleprovence.com\/fr\/transferts-chauffeur-service\/#primaryimage","url":"https:\/\/gentleprovence.com\/wp-content\/uploads\/2022\/04\/remi-duvert-avec-van-mercedes-chauffeur.jpg","contentUrl":"https:\/\/gentleprovence.com\/wp-content\/uploads\/2022\/04\/remi-duvert-avec-van-mercedes-chauffeur.jpg","width":828,"height":828,"caption":"remi duvert avec van mercedes chauffeur | Gentle provence"},{"@type":"BreadcrumbList","@id":"https:\/\/gentleprovence.com\/fr\/transferts-chauffeur-service\/#breadcrumb","itemListElement":[{"@type":"ListItem","position":1,"name":"Accueil","item":"https:\/\/gentleprovence.com\/fr\/"},{"@type":"ListItem","position":2,"name":"Transferts Premium en Provence"}]},{"@type":"WebSite","@id":"https:\/\/gentleprovence.com\/fr\/#website","url":"https:\/\/gentleprovence.com\/fr\/","name":"Gentle Provence","description":"Private tours in Provence from Aix - Marseille","publisher":{"@id":"https:\/\/gentleprovence.com\/fr\/#organization"},"potentialAction":[{"@type":"SearchAction","target":{"@type":"EntryPoint","urlTemplate":"https:\/\/gentleprovence.com\/fr\/?s={search_term_string}"},"query-input":{"@type":"PropertyValueSpecification","valueRequired":true,"valueName":"search_term_string"}}],"inLanguage":"fr-FR"},{"@type":"Organization","@id":"https:\/\/gentleprovence.com\/fr\/#organization","name":"Gentle Provence","url":"https:\/\/gentleprovence.com\/fr\/","logo":{"@type":"ImageObject","inLanguage":"fr-FR","@id":"https:\/\/gentleprovence.com\/fr\/#\/schema\/logo\/image\/","url":"https:\/\/i0.wp.com\/gentleprovence.com\/wp-content\/uploads\/2021\/02\/logo-gentle-p-purple.png?fit=826%2C404&ssl=1","contentUrl":"https:\/\/i0.wp.com\/gentleprovence.com\/wp-content\/uploads\/2021\/02\/logo-gentle-p-purple.png?fit=826%2C404&ssl=1","width":826,"height":404,"caption":"Gentle Provence"},"image":{"@id":"https:\/\/gentleprovence.com\/fr\/#\/schema\/logo\/image\/"}}]}},"_links":{"self":[{"href":"https:\/\/gentleprovence.com\/fr\/wp-json\/wp\/v2\/pages\/6130","targetHints":{"allow":["GET"]}}],"collection":[{"href":"https:\/\/gentleprovence.com\/fr\/wp-json\/wp\/v2\/pages"}],"about":[{"href":"https:\/\/gentleprovence.com\/fr\/wp-json\/wp\/v2\/types\/page"}],"author":[{"embeddable":true,"href":"https:\/\/gentleprovence.com\/fr\/wp-json\/wp\/v2\/users\/1"}],"replies":[{"embeddable":true,"href":"https:\/\/gentleprovence.com\/fr\/wp-json\/wp\/v2\/comments?post=6130"}],"version-history":[{"count":1,"href":"https:\/\/gentleprovence.com\/fr\/wp-json\/wp\/v2\/pages\/6130\/revisions"}],"predecessor-version":[{"id":8002,"href":"https:\/\/gentleprovence.com\/fr\/wp-json\/wp\/v2\/pages\/6130\/revisions\/8002"}],"wp:featuredmedia":[{"embeddable":true,"href":"https:\/\/gentleprovence.com\/fr\/wp-json\/wp\/v2\/media\/6884"}],"wp:attachment":[{"href":"https:\/\/gentleprovence.com\/fr\/wp-json\/wp\/v2\/media?parent=6130"}],"curies":[{"name":"wp","href":"https:\/\/api.w.org\/{rel}","templated":true}]}}