{"id":6170,"date":"2021-05-23T22:45:03","date_gmt":"2021-05-23T20:45:03","guid":{"rendered":"https:\/\/gentleprovence.com\/excursions-jour-entier\/"},"modified":"2022-04-19T00:15:32","modified_gmt":"2022-04-18T22:15:32","slug":"excursions-en-pleine-nature","status":"publish","type":"page","link":"https:\/\/gentleprovence.com\/fr\/excursions-en-pleine-nature\/","title":{"rendered":"Excursions en pleine Nature"},"content":{"rendered":"","protected":false},"excerpt":{"rendered":"","protected":false},"author":1,"featured_media":5567,"parent":0,"menu_order":0,"comment_status":"closed","ping_status":"closed","template":"","meta":{"footnotes":""},"class_list":["post-6170","page","type-page","status-publish","has-post-thumbnail","hentry"],"yoast_head":"<!-- This site is optimized with the Yoast SEO plugin v27.4 - https:\/\/yoast.com\/product\/yoast-seo-wordpress\/ -->\n<title>Excursions en pleine Nature | Gentle Provence<\/title>\n<meta name=\"description\" content=\"Sorties nature - Visites guid\u00e9es, circuits et excursions. Excursion champ\u00eatre et insolite avec chauffeur priv\u00e9 certifi\u00e9.\" \/>\n<meta name=\"robots\" content=\"index, follow, max-snippet:-1, max-image-preview:large, max-video-preview:-1\" \/>\n<link rel=\"canonical\" href=\"https:\/\/gentleprovence.com\/fr\/excursions-en-pleine-nature\/\" \/>\n<meta property=\"og:locale\" content=\"fr_FR\" \/>\n<meta property=\"og:type\" content=\"article\" \/>\n<meta property=\"og:title\" content=\"Excursions en pleine Nature | Gentle Provence\" \/>\n<meta property=\"og:description\" content=\"Sorties nature - Visites guid\u00e9es, circuits et excursions. Excursion champ\u00eatre et insolite avec chauffeur priv\u00e9 certifi\u00e9.\" \/>\n<meta property=\"og:url\" content=\"https:\/\/gentleprovence.com\/fr\/excursions-en-pleine-nature\/\" \/>\n<meta property=\"og:site_name\" content=\"Gentle Provence\" \/>\n<meta property=\"article:modified_time\" content=\"2022-04-18T22:15:32+00:00\" \/>\n<meta property=\"og:image\" content=\"https:\/\/gentleprovence.com\/wp-content\/uploads\/2017\/01\/Aix-en-provence.jpg\" \/>\n\t<meta property=\"og:image:width\" content=\"1920\" \/>\n\t<meta property=\"og:image:height\" content=\"1280\" \/>\n\t<meta property=\"og:image:type\" content=\"image\/jpeg\" \/>\n<meta name=\"twitter:card\" content=\"summary_large_image\" \/>\n<script type=\"application\/ld+json\" class=\"yoast-schema-graph\">{\"@context\":\"https:\\\/\\\/schema.org\",\"@graph\":[{\"@type\":\"WebPage\",\"@id\":\"https:\\\/\\\/gentleprovence.com\\\/fr\\\/excursions-en-pleine-nature\\\/\",\"url\":\"https:\\\/\\\/gentleprovence.com\\\/fr\\\/excursions-en-pleine-nature\\\/\",\"name\":\"Excursions en pleine Nature | Gentle Provence\",\"isPartOf\":{\"@id\":\"https:\\\/\\\/gentleprovence.com\\\/fr\\\/#website\"},\"primaryImageOfPage\":{\"@id\":\"https:\\\/\\\/gentleprovence.com\\\/fr\\\/excursions-en-pleine-nature\\\/#primaryimage\"},\"image\":{\"@id\":\"https:\\\/\\\/gentleprovence.com\\\/fr\\\/excursions-en-pleine-nature\\\/#primaryimage\"},\"thumbnailUrl\":\"https:\\\/\\\/gentleprovence.com\\\/wp-content\\\/uploads\\\/2017\\\/01\\\/Aix-en-provence.jpg\",\"datePublished\":\"2021-05-23T20:45:03+00:00\",\"dateModified\":\"2022-04-18T22:15:32+00:00\",\"description\":\"Sorties nature - Visites guid\u00e9es, circuits et excursions. Excursion champ\u00eatre et insolite avec chauffeur priv\u00e9 certifi\u00e9.\",\"breadcrumb\":{\"@id\":\"https:\\\/\\\/gentleprovence.com\\\/fr\\\/excursions-en-pleine-nature\\\/#breadcrumb\"},\"inLanguage\":\"fr-FR\",\"potentialAction\":[{\"@type\":\"ReadAction\",\"target\":[\"https:\\\/\\\/gentleprovence.com\\\/fr\\\/excursions-en-pleine-nature\\\/\"]}]},{\"@type\":\"ImageObject\",\"inLanguage\":\"fr-FR\",\"@id\":\"https:\\\/\\\/gentleprovence.com\\\/fr\\\/excursions-en-pleine-nature\\\/#primaryimage\",\"url\":\"https:\\\/\\\/gentleprovence.com\\\/wp-content\\\/uploads\\\/2017\\\/01\\\/Aix-en-provence.jpg\",\"contentUrl\":\"https:\\\/\\\/gentleprovence.com\\\/wp-content\\\/uploads\\\/2017\\\/01\\\/Aix-en-provence.jpg\",\"width\":1920,\"height\":1280,\"caption\":\"Aix en Provence | Gentle provence\"},{\"@type\":\"BreadcrumbList\",\"@id\":\"https:\\\/\\\/gentleprovence.com\\\/fr\\\/excursions-en-pleine-nature\\\/#breadcrumb\",\"itemListElement\":[{\"@type\":\"ListItem\",\"position\":1,\"name\":\"Accueil\",\"item\":\"https:\\\/\\\/gentleprovence.com\\\/fr\\\/\"},{\"@type\":\"ListItem\",\"position\":2,\"name\":\"Excursions en pleine Nature\"}]},{\"@type\":\"WebSite\",\"@id\":\"https:\\\/\\\/gentleprovence.com\\\/fr\\\/#website\",\"url\":\"https:\\\/\\\/gentleprovence.com\\\/fr\\\/\",\"name\":\"Gentle Provence\",\"description\":\"Private tours in Provence from Aix - Marseille\",\"publisher\":{\"@id\":\"https:\\\/\\\/gentleprovence.com\\\/fr\\\/#organization\"},\"potentialAction\":[{\"@type\":\"SearchAction\",\"target\":{\"@type\":\"EntryPoint\",\"urlTemplate\":\"https:\\\/\\\/gentleprovence.com\\\/fr\\\/?s={search_term_string}\"},\"query-input\":{\"@type\":\"PropertyValueSpecification\",\"valueRequired\":true,\"valueName\":\"search_term_string\"}}],\"inLanguage\":\"fr-FR\"},{\"@type\":\"Organization\",\"@id\":\"https:\\\/\\\/gentleprovence.com\\\/fr\\\/#organization\",\"name\":\"Gentle Provence\",\"url\":\"https:\\\/\\\/gentleprovence.com\\\/fr\\\/\",\"logo\":{\"@type\":\"ImageObject\",\"inLanguage\":\"fr-FR\",\"@id\":\"https:\\\/\\\/gentleprovence.com\\\/fr\\\/#\\\/schema\\\/logo\\\/image\\\/\",\"url\":\"https:\\\/\\\/i0.wp.com\\\/gentleprovence.com\\\/wp-content\\\/uploads\\\/2021\\\/02\\\/logo-gentle-p-purple.png?fit=826%2C404&ssl=1\",\"contentUrl\":\"https:\\\/\\\/i0.wp.com\\\/gentleprovence.com\\\/wp-content\\\/uploads\\\/2021\\\/02\\\/logo-gentle-p-purple.png?fit=826%2C404&ssl=1\",\"width\":826,\"height\":404,\"caption\":\"Gentle Provence\"},\"image\":{\"@id\":\"https:\\\/\\\/gentleprovence.com\\\/fr\\\/#\\\/schema\\\/logo\\\/image\\\/\"}}]}<\/script>\n<!-- \/ Yoast SEO plugin. -->","yoast_head_json":{"title":"Excursions en pleine Nature | Gentle Provence","description":"Sorties nature - Visites guid\u00e9es, circuits et excursions. Excursion champ\u00eatre et insolite avec chauffeur priv\u00e9 certifi\u00e9.","robots":{"index":"index","follow":"follow","max-snippet":"max-snippet:-1","max-image-preview":"max-image-preview:large","max-video-preview":"max-video-preview:-1"},"canonical":"https:\/\/gentleprovence.com\/fr\/excursions-en-pleine-nature\/","og_locale":"fr_FR","og_type":"article","og_title":"Excursions en pleine Nature | Gentle Provence","og_description":"Sorties nature - Visites guid\u00e9es, circuits et excursions. Excursion champ\u00eatre et insolite avec chauffeur priv\u00e9 certifi\u00e9.","og_url":"https:\/\/gentleprovence.com\/fr\/excursions-en-pleine-nature\/","og_site_name":"Gentle Provence","article_modified_time":"2022-04-18T22:15:32+00:00","og_image":[{"width":1920,"height":1280,"url":"https:\/\/gentleprovence.com\/wp-content\/uploads\/2017\/01\/Aix-en-provence.jpg","type":"image\/jpeg"}],"twitter_card":"summary_large_image","schema":{"@context":"https:\/\/schema.org","@graph":[{"@type":"WebPage","@id":"https:\/\/gentleprovence.com\/fr\/excursions-en-pleine-nature\/","url":"https:\/\/gentleprovence.com\/fr\/excursions-en-pleine-nature\/","name":"Excursions en pleine Nature | Gentle Provence","isPartOf":{"@id":"https:\/\/gentleprovence.com\/fr\/#website"},"primaryImageOfPage":{"@id":"https:\/\/gentleprovence.com\/fr\/excursions-en-pleine-nature\/#primaryimage"},"image":{"@id":"https:\/\/gentleprovence.com\/fr\/excursions-en-pleine-nature\/#primaryimage"},"thumbnailUrl":"https:\/\/gentleprovence.com\/wp-content\/uploads\/2017\/01\/Aix-en-provence.jpg","datePublished":"2021-05-23T20:45:03+00:00","dateModified":"2022-04-18T22:15:32+00:00","description":"Sorties nature - Visites guid\u00e9es, circuits et excursions. Excursion champ\u00eatre et insolite avec chauffeur priv\u00e9 certifi\u00e9.","breadcrumb":{"@id":"https:\/\/gentleprovence.com\/fr\/excursions-en-pleine-nature\/#breadcrumb"},"inLanguage":"fr-FR","potentialAction":[{"@type":"ReadAction","target":["https:\/\/gentleprovence.com\/fr\/excursions-en-pleine-nature\/"]}]},{"@type":"ImageObject","inLanguage":"fr-FR","@id":"https:\/\/gentleprovence.com\/fr\/excursions-en-pleine-nature\/#primaryimage","url":"https:\/\/gentleprovence.com\/wp-content\/uploads\/2017\/01\/Aix-en-provence.jpg","contentUrl":"https:\/\/gentleprovence.com\/wp-content\/uploads\/2017\/01\/Aix-en-provence.jpg","width":1920,"height":1280,"caption":"Aix en Provence | Gentle provence"},{"@type":"BreadcrumbList","@id":"https:\/\/gentleprovence.com\/fr\/excursions-en-pleine-nature\/#breadcrumb","itemListElement":[{"@type":"ListItem","position":1,"name":"Accueil","item":"https:\/\/gentleprovence.com\/fr\/"},{"@type":"ListItem","position":2,"name":"Excursions en pleine Nature"}]},{"@type":"WebSite","@id":"https:\/\/gentleprovence.com\/fr\/#website","url":"https:\/\/gentleprovence.com\/fr\/","name":"Gentle Provence","description":"Private tours in Provence from Aix - Marseille","publisher":{"@id":"https:\/\/gentleprovence.com\/fr\/#organization"},"potentialAction":[{"@type":"SearchAction","target":{"@type":"EntryPoint","urlTemplate":"https:\/\/gentleprovence.com\/fr\/?s={search_term_string}"},"query-input":{"@type":"PropertyValueSpecification","valueRequired":true,"valueName":"search_term_string"}}],"inLanguage":"fr-FR"},{"@type":"Organization","@id":"https:\/\/gentleprovence.com\/fr\/#organization","name":"Gentle Provence","url":"https:\/\/gentleprovence.com\/fr\/","logo":{"@type":"ImageObject","inLanguage":"fr-FR","@id":"https:\/\/gentleprovence.com\/fr\/#\/schema\/logo\/image\/","url":"https:\/\/i0.wp.com\/gentleprovence.com\/wp-content\/uploads\/2021\/02\/logo-gentle-p-purple.png?fit=826%2C404&ssl=1","contentUrl":"https:\/\/i0.wp.com\/gentleprovence.com\/wp-content\/uploads\/2021\/02\/logo-gentle-p-purple.png?fit=826%2C404&ssl=1","width":826,"height":404,"caption":"Gentle Provence"},"image":{"@id":"https:\/\/gentleprovence.com\/fr\/#\/schema\/logo\/image\/"}}]}},"_links":{"self":[{"href":"https:\/\/gentleprovence.com\/fr\/wp-json\/wp\/v2\/pages\/6170","targetHints":{"allow":["GET"]}}],"collection":[{"href":"https:\/\/gentleprovence.com\/fr\/wp-json\/wp\/v2\/pages"}],"about":[{"href":"https:\/\/gentleprovence.com\/fr\/wp-json\/wp\/v2\/types\/page"}],"author":[{"embeddable":true,"href":"https:\/\/gentleprovence.com\/fr\/wp-json\/wp\/v2\/users\/1"}],"replies":[{"embeddable":true,"href":"https:\/\/gentleprovence.com\/fr\/wp-json\/wp\/v2\/comments?post=6170"}],"version-history":[{"count":0,"href":"https:\/\/gentleprovence.com\/fr\/wp-json\/wp\/v2\/pages\/6170\/revisions"}],"wp:featuredmedia":[{"embeddable":true,"href":"https:\/\/gentleprovence.com\/fr\/wp-json\/wp\/v2\/media\/5567"}],"wp:attachment":[{"href":"https:\/\/gentleprovence.com\/fr\/wp-json\/wp\/v2\/media?parent=6170"}],"curies":[{"name":"wp","href":"https:\/\/api.w.org\/{rel}","templated":true}]}}