{"id":6182,"date":"2021-05-23T23:17:51","date_gmt":"2021-05-23T21:17:51","guid":{"rendered":"https:\/\/gentleprovence.com\/le-meilleur-de-nos-circuits-sur-mesure\/"},"modified":"2023-06-01T10:24:48","modified_gmt":"2023-06-01T08:24:48","slug":"excursion-privee-provence","status":"publish","type":"page","link":"https:\/\/gentleprovence.com\/fr\/excursion-privee-provence\/","title":{"rendered":"Excursions et tours priv\u00e9s en Provence"},"content":{"rendered":"<h3 style=\"text-align: center;\">Journ\u00e9e priv\u00e9e en Provence : une excursion unique pour d\u00e9couvrir les lieux les plus populaires.<\/h3>\n<p style=\"text-align: center;\">D\u00e9couvrez la Provence dans toute sa splendeur avec nos excursions et tours priv\u00e9s en Provence.<br \/>\nQue vous soyez un amateur d&rsquo;histoire, un gourmand passionn\u00e9 de gastronomie ou un amoureux de la nature, nos circuits priv\u00e9s avec chauffeur offrent une exp\u00e9rience sur mesure pour explorer les tr\u00e9sors cach\u00e9s de notre r\u00e9gion de Provence.<\/p>\n","protected":false},"excerpt":{"rendered":"<p>Journ\u00e9e priv\u00e9e en Provence : une excursion unique pour d\u00e9couvrir les lieux les plus populaires. D\u00e9couvrez la Provence dans toute sa splendeur avec nos excursions et tours priv\u00e9s en Provence. Que vous soyez un amateur d&rsquo;histoire, un gourmand passionn\u00e9 de gastronomie ou un amoureux de la nature, nos circuits priv\u00e9s avec chauffeur offrent une exp\u00e9rience [&hellip;]<\/p>\n","protected":false},"author":1,"featured_media":0,"parent":0,"menu_order":0,"comment_status":"closed","ping_status":"closed","template":"","meta":{"footnotes":""},"class_list":["post-6182","page","type-page","status-publish","hentry"],"yoast_head":"<!-- This site is optimized with the Yoast SEO plugin v27.3 - https:\/\/yoast.com\/product\/yoast-seo-wordpress\/ -->\n<title>Excursion priv\u00e9e en provence | Gentle Provence<\/title>\n<meta name=\"description\" content=\"Partez \u00e0 la d\u00e9couverte de la Provence en excursion priv\u00e9e ! Circuits personnalis\u00e9s et sur mesure avec chauffeur priv\u00e9\" \/>\n<meta name=\"robots\" content=\"index, follow, max-snippet:-1, max-image-preview:large, max-video-preview:-1\" \/>\n<link rel=\"canonical\" href=\"https:\/\/gentleprovence.com\/fr\/excursion-privee-provence\/\" \/>\n<meta property=\"og:locale\" content=\"fr_FR\" \/>\n<meta property=\"og:type\" content=\"article\" \/>\n<meta property=\"og:title\" content=\"Excursion priv\u00e9e en provence | Gentle Provence\" \/>\n<meta property=\"og:description\" content=\"Partez \u00e0 la d\u00e9couverte de la Provence en excursion priv\u00e9e ! Circuits personnalis\u00e9s et sur mesure avec chauffeur priv\u00e9\" \/>\n<meta property=\"og:url\" content=\"https:\/\/gentleprovence.com\/fr\/excursion-privee-provence\/\" \/>\n<meta property=\"og:site_name\" content=\"Gentle Provence\" \/>\n<meta property=\"article:modified_time\" content=\"2023-06-01T08:24:48+00:00\" \/>\n<meta name=\"twitter:card\" content=\"summary_large_image\" \/>\n<meta name=\"twitter:label1\" content=\"Dur\u00e9e de lecture estim\u00e9e\" \/>\n\t<meta name=\"twitter:data1\" content=\"1 minute\" \/>\n<script type=\"application\/ld+json\" class=\"yoast-schema-graph\">{\"@context\":\"https:\\\/\\\/schema.org\",\"@graph\":[{\"@type\":\"WebPage\",\"@id\":\"https:\\\/\\\/gentleprovence.com\\\/fr\\\/excursion-privee-provence\\\/\",\"url\":\"https:\\\/\\\/gentleprovence.com\\\/fr\\\/excursion-privee-provence\\\/\",\"name\":\"Excursion priv\u00e9e en provence | Gentle Provence\",\"isPartOf\":{\"@id\":\"https:\\\/\\\/gentleprovence.com\\\/fr\\\/#website\"},\"datePublished\":\"2021-05-23T21:17:51+00:00\",\"dateModified\":\"2023-06-01T08:24:48+00:00\",\"description\":\"Partez \u00e0 la d\u00e9couverte de la Provence en excursion priv\u00e9e ! Circuits personnalis\u00e9s et sur mesure avec chauffeur priv\u00e9\",\"breadcrumb\":{\"@id\":\"https:\\\/\\\/gentleprovence.com\\\/fr\\\/excursion-privee-provence\\\/#breadcrumb\"},\"inLanguage\":\"fr-FR\",\"potentialAction\":[{\"@type\":\"ReadAction\",\"target\":[\"https:\\\/\\\/gentleprovence.com\\\/fr\\\/excursion-privee-provence\\\/\"]}]},{\"@type\":\"BreadcrumbList\",\"@id\":\"https:\\\/\\\/gentleprovence.com\\\/fr\\\/excursion-privee-provence\\\/#breadcrumb\",\"itemListElement\":[{\"@type\":\"ListItem\",\"position\":1,\"name\":\"Accueil\",\"item\":\"https:\\\/\\\/gentleprovence.com\\\/fr\\\/\"},{\"@type\":\"ListItem\",\"position\":2,\"name\":\"Excursions et tours priv\u00e9s en Provence\"}]},{\"@type\":\"WebSite\",\"@id\":\"https:\\\/\\\/gentleprovence.com\\\/fr\\\/#website\",\"url\":\"https:\\\/\\\/gentleprovence.com\\\/fr\\\/\",\"name\":\"Gentle Provence\",\"description\":\"Cr\u00e9ateur d&#039;excursions personnalis\u00e9es et visites priv\u00e9es avec service de chauffeur premium en Provence, Alpes, C\u00f4te d&#039;Azur \u2713 VTC Van Mercedes jusqu&#039;\u00e0 7 personnes \u2713 Service chauffeur Services transferts et circuits touristiques en Provence.\",\"publisher\":{\"@id\":\"https:\\\/\\\/gentleprovence.com\\\/fr\\\/#organization\"},\"potentialAction\":[{\"@type\":\"SearchAction\",\"target\":{\"@type\":\"EntryPoint\",\"urlTemplate\":\"https:\\\/\\\/gentleprovence.com\\\/fr\\\/?s={search_term_string}\"},\"query-input\":{\"@type\":\"PropertyValueSpecification\",\"valueRequired\":true,\"valueName\":\"search_term_string\"}}],\"inLanguage\":\"fr-FR\"},{\"@type\":\"Organization\",\"@id\":\"https:\\\/\\\/gentleprovence.com\\\/fr\\\/#organization\",\"name\":\"Gentle Provence\",\"url\":\"https:\\\/\\\/gentleprovence.com\\\/fr\\\/\",\"logo\":{\"@type\":\"ImageObject\",\"inLanguage\":\"fr-FR\",\"@id\":\"https:\\\/\\\/gentleprovence.com\\\/fr\\\/#\\\/schema\\\/logo\\\/image\\\/\",\"url\":\"https:\\\/\\\/i0.wp.com\\\/gentleprovence.com\\\/wp-content\\\/uploads\\\/2021\\\/02\\\/logo-gentle-p-purple.png?fit=826%2C404&ssl=1\",\"contentUrl\":\"https:\\\/\\\/i0.wp.com\\\/gentleprovence.com\\\/wp-content\\\/uploads\\\/2021\\\/02\\\/logo-gentle-p-purple.png?fit=826%2C404&ssl=1\",\"width\":826,\"height\":404,\"caption\":\"Gentle Provence\"},\"image\":{\"@id\":\"https:\\\/\\\/gentleprovence.com\\\/fr\\\/#\\\/schema\\\/logo\\\/image\\\/\"}}]}<\/script>\n<!-- \/ Yoast SEO plugin. -->","yoast_head_json":{"title":"Excursion priv\u00e9e en provence | Gentle Provence","description":"Partez \u00e0 la d\u00e9couverte de la Provence en excursion priv\u00e9e ! Circuits personnalis\u00e9s et sur mesure avec chauffeur priv\u00e9","robots":{"index":"index","follow":"follow","max-snippet":"max-snippet:-1","max-image-preview":"max-image-preview:large","max-video-preview":"max-video-preview:-1"},"canonical":"https:\/\/gentleprovence.com\/fr\/excursion-privee-provence\/","og_locale":"fr_FR","og_type":"article","og_title":"Excursion priv\u00e9e en provence | Gentle Provence","og_description":"Partez \u00e0 la d\u00e9couverte de la Provence en excursion priv\u00e9e ! Circuits personnalis\u00e9s et sur mesure avec chauffeur priv\u00e9","og_url":"https:\/\/gentleprovence.com\/fr\/excursion-privee-provence\/","og_site_name":"Gentle Provence","article_modified_time":"2023-06-01T08:24:48+00:00","twitter_card":"summary_large_image","twitter_misc":{"Dur\u00e9e de lecture estim\u00e9e":"1 minute"},"schema":{"@context":"https:\/\/schema.org","@graph":[{"@type":"WebPage","@id":"https:\/\/gentleprovence.com\/fr\/excursion-privee-provence\/","url":"https:\/\/gentleprovence.com\/fr\/excursion-privee-provence\/","name":"Excursion priv\u00e9e en provence | Gentle Provence","isPartOf":{"@id":"https:\/\/gentleprovence.com\/fr\/#website"},"datePublished":"2021-05-23T21:17:51+00:00","dateModified":"2023-06-01T08:24:48+00:00","description":"Partez \u00e0 la d\u00e9couverte de la Provence en excursion priv\u00e9e ! Circuits personnalis\u00e9s et sur mesure avec chauffeur priv\u00e9","breadcrumb":{"@id":"https:\/\/gentleprovence.com\/fr\/excursion-privee-provence\/#breadcrumb"},"inLanguage":"fr-FR","potentialAction":[{"@type":"ReadAction","target":["https:\/\/gentleprovence.com\/fr\/excursion-privee-provence\/"]}]},{"@type":"BreadcrumbList","@id":"https:\/\/gentleprovence.com\/fr\/excursion-privee-provence\/#breadcrumb","itemListElement":[{"@type":"ListItem","position":1,"name":"Accueil","item":"https:\/\/gentleprovence.com\/fr\/"},{"@type":"ListItem","position":2,"name":"Excursions et tours priv\u00e9s en Provence"}]},{"@type":"WebSite","@id":"https:\/\/gentleprovence.com\/fr\/#website","url":"https:\/\/gentleprovence.com\/fr\/","name":"Gentle Provence","description":"Cr\u00e9ateur d&#039;excursions personnalis\u00e9es et visites priv\u00e9es avec service de chauffeur premium en Provence, Alpes, C\u00f4te d&#039;Azur \u2713 VTC Van Mercedes jusqu&#039;\u00e0 7 personnes \u2713 Service chauffeur Services transferts et circuits touristiques en Provence.","publisher":{"@id":"https:\/\/gentleprovence.com\/fr\/#organization"},"potentialAction":[{"@type":"SearchAction","target":{"@type":"EntryPoint","urlTemplate":"https:\/\/gentleprovence.com\/fr\/?s={search_term_string}"},"query-input":{"@type":"PropertyValueSpecification","valueRequired":true,"valueName":"search_term_string"}}],"inLanguage":"fr-FR"},{"@type":"Organization","@id":"https:\/\/gentleprovence.com\/fr\/#organization","name":"Gentle Provence","url":"https:\/\/gentleprovence.com\/fr\/","logo":{"@type":"ImageObject","inLanguage":"fr-FR","@id":"https:\/\/gentleprovence.com\/fr\/#\/schema\/logo\/image\/","url":"https:\/\/i0.wp.com\/gentleprovence.com\/wp-content\/uploads\/2021\/02\/logo-gentle-p-purple.png?fit=826%2C404&ssl=1","contentUrl":"https:\/\/i0.wp.com\/gentleprovence.com\/wp-content\/uploads\/2021\/02\/logo-gentle-p-purple.png?fit=826%2C404&ssl=1","width":826,"height":404,"caption":"Gentle Provence"},"image":{"@id":"https:\/\/gentleprovence.com\/fr\/#\/schema\/logo\/image\/"}}]}},"_links":{"self":[{"href":"https:\/\/gentleprovence.com\/fr\/wp-json\/wp\/v2\/pages\/6182","targetHints":{"allow":["GET"]}}],"collection":[{"href":"https:\/\/gentleprovence.com\/fr\/wp-json\/wp\/v2\/pages"}],"about":[{"href":"https:\/\/gentleprovence.com\/fr\/wp-json\/wp\/v2\/types\/page"}],"author":[{"embeddable":true,"href":"https:\/\/gentleprovence.com\/fr\/wp-json\/wp\/v2\/users\/1"}],"replies":[{"embeddable":true,"href":"https:\/\/gentleprovence.com\/fr\/wp-json\/wp\/v2\/comments?post=6182"}],"version-history":[{"count":5,"href":"https:\/\/gentleprovence.com\/fr\/wp-json\/wp\/v2\/pages\/6182\/revisions"}],"predecessor-version":[{"id":7287,"href":"https:\/\/gentleprovence.com\/fr\/wp-json\/wp\/v2\/pages\/6182\/revisions\/7287"}],"wp:attachment":[{"href":"https:\/\/gentleprovence.com\/fr\/wp-json\/wp\/v2\/media?parent=6182"}],"curies":[{"name":"wp","href":"https:\/\/api.w.org\/{rel}","templated":true}]}}