{"id":6212,"date":"2021-05-27T21:46:23","date_gmt":"2021-05-27T19:46:23","guid":{"rendered":"https:\/\/gentleprovence.com\/excursions-en-bateau\/"},"modified":"2022-04-18T21:01:57","modified_gmt":"2022-04-18T19:01:57","slug":"excursions-en-bateau","status":"publish","type":"page","link":"https:\/\/gentleprovence.com\/fr\/excursions-en-bateau\/","title":{"rendered":"Excursions en bateau"},"content":{"rendered":"","protected":false},"excerpt":{"rendered":"","protected":false},"author":1,"featured_media":5720,"parent":0,"menu_order":0,"comment_status":"closed","ping_status":"closed","template":"","meta":{"footnotes":""},"class_list":["post-6212","page","type-page","status-publish","has-post-thumbnail","hentry"],"yoast_head":"<!-- This site is optimized with the Yoast SEO plugin v27.3 - https:\/\/yoast.com\/product\/yoast-seo-wordpress\/ -->\n<title>Excursions en bateau sur mesure | Gentle Provence<\/title>\n<meta name=\"description\" content=\"Evitez la pression touristique. Nous planifierons pour vous les meilleures excursions en bateau priv\u00e9 en Provence et sur la C\u00f4te d&#039;Azur.\" \/>\n<meta name=\"robots\" content=\"index, follow, max-snippet:-1, max-image-preview:large, max-video-preview:-1\" \/>\n<link rel=\"canonical\" href=\"https:\/\/gentleprovence.com\/fr\/excursions-en-bateau\/\" \/>\n<meta property=\"og:locale\" content=\"fr_FR\" \/>\n<meta property=\"og:type\" content=\"article\" \/>\n<meta property=\"og:title\" content=\"Excursions en bateau sur mesure | Gentle Provence\" \/>\n<meta property=\"og:description\" content=\"Evitez la pression touristique. Nous planifierons pour vous les meilleures excursions en bateau priv\u00e9 en Provence et sur la C\u00f4te d&#039;Azur.\" \/>\n<meta property=\"og:url\" content=\"https:\/\/gentleprovence.com\/fr\/excursions-en-bateau\/\" \/>\n<meta property=\"og:site_name\" content=\"Gentle Provence\" \/>\n<meta property=\"article:modified_time\" content=\"2022-04-18T19:01:57+00:00\" \/>\n<meta property=\"og:image\" content=\"https:\/\/gentleprovence.com\/wp-content\/uploads\/2017\/01\/sail-boat-tour-5.jpg\" \/>\n\t<meta property=\"og:image:width\" content=\"1441\" \/>\n\t<meta property=\"og:image:height\" content=\"1080\" \/>\n\t<meta property=\"og:image:type\" content=\"image\/jpeg\" \/>\n<meta name=\"twitter:card\" content=\"summary_large_image\" \/>\n<script type=\"application\/ld+json\" class=\"yoast-schema-graph\">{\"@context\":\"https:\\\/\\\/schema.org\",\"@graph\":[{\"@type\":\"WebPage\",\"@id\":\"https:\\\/\\\/gentleprovence.com\\\/fr\\\/excursions-en-bateau\\\/\",\"url\":\"https:\\\/\\\/gentleprovence.com\\\/fr\\\/excursions-en-bateau\\\/\",\"name\":\"Excursions en bateau sur mesure | Gentle Provence\",\"isPartOf\":{\"@id\":\"https:\\\/\\\/gentleprovence.com\\\/fr\\\/#website\"},\"primaryImageOfPage\":{\"@id\":\"https:\\\/\\\/gentleprovence.com\\\/fr\\\/excursions-en-bateau\\\/#primaryimage\"},\"image\":{\"@id\":\"https:\\\/\\\/gentleprovence.com\\\/fr\\\/excursions-en-bateau\\\/#primaryimage\"},\"thumbnailUrl\":\"https:\\\/\\\/gentleprovence.com\\\/wp-content\\\/uploads\\\/2017\\\/01\\\/sail-boat-tour-cassis.jpg\",\"datePublished\":\"2021-05-27T19:46:23+00:00\",\"dateModified\":\"2022-04-18T19:01:57+00:00\",\"description\":\"Evitez la pression touristique. Nous planifierons pour vous les meilleures excursions en bateau priv\u00e9 en Provence et sur la C\u00f4te d'Azur.\",\"breadcrumb\":{\"@id\":\"https:\\\/\\\/gentleprovence.com\\\/fr\\\/excursions-en-bateau\\\/#breadcrumb\"},\"inLanguage\":\"fr-FR\",\"potentialAction\":[{\"@type\":\"ReadAction\",\"target\":[\"https:\\\/\\\/gentleprovence.com\\\/fr\\\/excursions-en-bateau\\\/\"]}]},{\"@type\":\"ImageObject\",\"inLanguage\":\"fr-FR\",\"@id\":\"https:\\\/\\\/gentleprovence.com\\\/fr\\\/excursions-en-bateau\\\/#primaryimage\",\"url\":\"https:\\\/\\\/gentleprovence.com\\\/wp-content\\\/uploads\\\/2017\\\/01\\\/sail-boat-tour-cassis.jpg\",\"contentUrl\":\"https:\\\/\\\/gentleprovence.com\\\/wp-content\\\/uploads\\\/2017\\\/01\\\/sail-boat-tour-cassis.jpg\",\"width\":1441,\"height\":1080,\"caption\":\"Excursion bateau a voile | Gentle provence\"},{\"@type\":\"BreadcrumbList\",\"@id\":\"https:\\\/\\\/gentleprovence.com\\\/fr\\\/excursions-en-bateau\\\/#breadcrumb\",\"itemListElement\":[{\"@type\":\"ListItem\",\"position\":1,\"name\":\"Accueil\",\"item\":\"https:\\\/\\\/gentleprovence.com\\\/fr\\\/\"},{\"@type\":\"ListItem\",\"position\":2,\"name\":\"Excursions en bateau\"}]},{\"@type\":\"WebSite\",\"@id\":\"https:\\\/\\\/gentleprovence.com\\\/fr\\\/#website\",\"url\":\"https:\\\/\\\/gentleprovence.com\\\/fr\\\/\",\"name\":\"Gentle Provence\",\"description\":\"Cr\u00e9ateur d&#039;excursions personnalis\u00e9es et visites priv\u00e9es avec service de chauffeur premium en Provence, Alpes, C\u00f4te d&#039;Azur \u2713 VTC Van Mercedes jusqu&#039;\u00e0 7 personnes \u2713 Service chauffeur Services transferts et circuits touristiques en Provence.\",\"publisher\":{\"@id\":\"https:\\\/\\\/gentleprovence.com\\\/fr\\\/#organization\"},\"potentialAction\":[{\"@type\":\"SearchAction\",\"target\":{\"@type\":\"EntryPoint\",\"urlTemplate\":\"https:\\\/\\\/gentleprovence.com\\\/fr\\\/?s={search_term_string}\"},\"query-input\":{\"@type\":\"PropertyValueSpecification\",\"valueRequired\":true,\"valueName\":\"search_term_string\"}}],\"inLanguage\":\"fr-FR\"},{\"@type\":\"Organization\",\"@id\":\"https:\\\/\\\/gentleprovence.com\\\/fr\\\/#organization\",\"name\":\"Gentle Provence\",\"url\":\"https:\\\/\\\/gentleprovence.com\\\/fr\\\/\",\"logo\":{\"@type\":\"ImageObject\",\"inLanguage\":\"fr-FR\",\"@id\":\"https:\\\/\\\/gentleprovence.com\\\/fr\\\/#\\\/schema\\\/logo\\\/image\\\/\",\"url\":\"https:\\\/\\\/i0.wp.com\\\/gentleprovence.com\\\/wp-content\\\/uploads\\\/2021\\\/02\\\/logo-gentle-p-purple.png?fit=826%2C404&ssl=1\",\"contentUrl\":\"https:\\\/\\\/i0.wp.com\\\/gentleprovence.com\\\/wp-content\\\/uploads\\\/2021\\\/02\\\/logo-gentle-p-purple.png?fit=826%2C404&ssl=1\",\"width\":826,\"height\":404,\"caption\":\"Gentle Provence\"},\"image\":{\"@id\":\"https:\\\/\\\/gentleprovence.com\\\/fr\\\/#\\\/schema\\\/logo\\\/image\\\/\"}}]}<\/script>\n<!-- \/ Yoast SEO plugin. -->","yoast_head_json":{"title":"Excursions en bateau sur mesure | Gentle Provence","description":"Evitez la pression touristique. Nous planifierons pour vous les meilleures excursions en bateau priv\u00e9 en Provence et sur la C\u00f4te d'Azur.","robots":{"index":"index","follow":"follow","max-snippet":"max-snippet:-1","max-image-preview":"max-image-preview:large","max-video-preview":"max-video-preview:-1"},"canonical":"https:\/\/gentleprovence.com\/fr\/excursions-en-bateau\/","og_locale":"fr_FR","og_type":"article","og_title":"Excursions en bateau sur mesure | Gentle Provence","og_description":"Evitez la pression touristique. Nous planifierons pour vous les meilleures excursions en bateau priv\u00e9 en Provence et sur la C\u00f4te d'Azur.","og_url":"https:\/\/gentleprovence.com\/fr\/excursions-en-bateau\/","og_site_name":"Gentle Provence","article_modified_time":"2022-04-18T19:01:57+00:00","og_image":[{"width":1441,"height":1080,"url":"https:\/\/gentleprovence.com\/wp-content\/uploads\/2017\/01\/sail-boat-tour-5.jpg","type":"image\/jpeg"}],"twitter_card":"summary_large_image","schema":{"@context":"https:\/\/schema.org","@graph":[{"@type":"WebPage","@id":"https:\/\/gentleprovence.com\/fr\/excursions-en-bateau\/","url":"https:\/\/gentleprovence.com\/fr\/excursions-en-bateau\/","name":"Excursions en bateau sur mesure | Gentle Provence","isPartOf":{"@id":"https:\/\/gentleprovence.com\/fr\/#website"},"primaryImageOfPage":{"@id":"https:\/\/gentleprovence.com\/fr\/excursions-en-bateau\/#primaryimage"},"image":{"@id":"https:\/\/gentleprovence.com\/fr\/excursions-en-bateau\/#primaryimage"},"thumbnailUrl":"https:\/\/gentleprovence.com\/wp-content\/uploads\/2017\/01\/sail-boat-tour-cassis.jpg","datePublished":"2021-05-27T19:46:23+00:00","dateModified":"2022-04-18T19:01:57+00:00","description":"Evitez la pression touristique. Nous planifierons pour vous les meilleures excursions en bateau priv\u00e9 en Provence et sur la C\u00f4te d'Azur.","breadcrumb":{"@id":"https:\/\/gentleprovence.com\/fr\/excursions-en-bateau\/#breadcrumb"},"inLanguage":"fr-FR","potentialAction":[{"@type":"ReadAction","target":["https:\/\/gentleprovence.com\/fr\/excursions-en-bateau\/"]}]},{"@type":"ImageObject","inLanguage":"fr-FR","@id":"https:\/\/gentleprovence.com\/fr\/excursions-en-bateau\/#primaryimage","url":"https:\/\/gentleprovence.com\/wp-content\/uploads\/2017\/01\/sail-boat-tour-cassis.jpg","contentUrl":"https:\/\/gentleprovence.com\/wp-content\/uploads\/2017\/01\/sail-boat-tour-cassis.jpg","width":1441,"height":1080,"caption":"Excursion bateau a voile | Gentle provence"},{"@type":"BreadcrumbList","@id":"https:\/\/gentleprovence.com\/fr\/excursions-en-bateau\/#breadcrumb","itemListElement":[{"@type":"ListItem","position":1,"name":"Accueil","item":"https:\/\/gentleprovence.com\/fr\/"},{"@type":"ListItem","position":2,"name":"Excursions en bateau"}]},{"@type":"WebSite","@id":"https:\/\/gentleprovence.com\/fr\/#website","url":"https:\/\/gentleprovence.com\/fr\/","name":"Gentle Provence","description":"Cr\u00e9ateur d&#039;excursions personnalis\u00e9es et visites priv\u00e9es avec service de chauffeur premium en Provence, Alpes, C\u00f4te d&#039;Azur \u2713 VTC Van Mercedes jusqu&#039;\u00e0 7 personnes \u2713 Service chauffeur Services transferts et circuits touristiques en Provence.","publisher":{"@id":"https:\/\/gentleprovence.com\/fr\/#organization"},"potentialAction":[{"@type":"SearchAction","target":{"@type":"EntryPoint","urlTemplate":"https:\/\/gentleprovence.com\/fr\/?s={search_term_string}"},"query-input":{"@type":"PropertyValueSpecification","valueRequired":true,"valueName":"search_term_string"}}],"inLanguage":"fr-FR"},{"@type":"Organization","@id":"https:\/\/gentleprovence.com\/fr\/#organization","name":"Gentle Provence","url":"https:\/\/gentleprovence.com\/fr\/","logo":{"@type":"ImageObject","inLanguage":"fr-FR","@id":"https:\/\/gentleprovence.com\/fr\/#\/schema\/logo\/image\/","url":"https:\/\/i0.wp.com\/gentleprovence.com\/wp-content\/uploads\/2021\/02\/logo-gentle-p-purple.png?fit=826%2C404&ssl=1","contentUrl":"https:\/\/i0.wp.com\/gentleprovence.com\/wp-content\/uploads\/2021\/02\/logo-gentle-p-purple.png?fit=826%2C404&ssl=1","width":826,"height":404,"caption":"Gentle Provence"},"image":{"@id":"https:\/\/gentleprovence.com\/fr\/#\/schema\/logo\/image\/"}}]}},"_links":{"self":[{"href":"https:\/\/gentleprovence.com\/fr\/wp-json\/wp\/v2\/pages\/6212","targetHints":{"allow":["GET"]}}],"collection":[{"href":"https:\/\/gentleprovence.com\/fr\/wp-json\/wp\/v2\/pages"}],"about":[{"href":"https:\/\/gentleprovence.com\/fr\/wp-json\/wp\/v2\/types\/page"}],"author":[{"embeddable":true,"href":"https:\/\/gentleprovence.com\/fr\/wp-json\/wp\/v2\/users\/1"}],"replies":[{"embeddable":true,"href":"https:\/\/gentleprovence.com\/fr\/wp-json\/wp\/v2\/comments?post=6212"}],"version-history":[{"count":0,"href":"https:\/\/gentleprovence.com\/fr\/wp-json\/wp\/v2\/pages\/6212\/revisions"}],"wp:featuredmedia":[{"embeddable":true,"href":"https:\/\/gentleprovence.com\/fr\/wp-json\/wp\/v2\/media\/5720"}],"wp:attachment":[{"href":"https:\/\/gentleprovence.com\/fr\/wp-json\/wp\/v2\/media?parent=6212"}],"curies":[{"name":"wp","href":"https:\/\/api.w.org\/{rel}","templated":true}]}}