{"id":6256,"date":"2021-05-29T18:30:37","date_gmt":"2021-05-29T16:30:37","guid":{"rendered":"https:\/\/gentleprovence.com\/paiement\/"},"modified":"2021-05-29T18:32:59","modified_gmt":"2021-05-29T16:32:59","slug":"paiement","status":"publish","type":"page","link":"https:\/\/gentleprovence.com\/fr\/paiement\/","title":{"rendered":"Paiement"},"content":{"rendered":"","protected":false},"excerpt":{"rendered":"","protected":false},"author":1,"featured_media":0,"parent":0,"menu_order":0,"comment_status":"closed","ping_status":"closed","template":"","meta":{"footnotes":""},"class_list":["post-6256","page","type-page","status-publish","hentry"],"yoast_head":"<!-- This site is optimized with the Yoast SEO plugin v27.1.1 - https:\/\/yoast.com\/product\/yoast-seo-wordpress\/ -->\n<title>Paiement | Gentle Provence<\/title>\n<meta name=\"description\" content=\"Gentle Provence s\u00e9curise toute transaction sur le site avec un syst\u00e8me de cryptage pour votre confort et tranquilit\u00e9.\" \/>\n<meta name=\"robots\" content=\"index, follow, max-snippet:-1, max-image-preview:large, max-video-preview:-1\" \/>\n<link rel=\"canonical\" href=\"https:\/\/gentleprovence.com\/fr\/paiement\/\" \/>\n<meta property=\"og:locale\" content=\"fr_FR\" \/>\n<meta property=\"og:type\" content=\"article\" \/>\n<meta property=\"og:title\" content=\"Paiement | Gentle Provence\" \/>\n<meta property=\"og:description\" content=\"Gentle Provence s\u00e9curise toute transaction sur le site avec un syst\u00e8me de cryptage pour votre confort et tranquilit\u00e9.\" \/>\n<meta property=\"og:url\" content=\"https:\/\/gentleprovence.com\/fr\/paiement\/\" \/>\n<meta property=\"og:site_name\" content=\"Gentle Provence\" \/>\n<meta property=\"article:modified_time\" content=\"2021-05-29T16:32:59+00:00\" \/>\n<meta name=\"twitter:card\" content=\"summary_large_image\" \/>\n<script type=\"application\/ld+json\" class=\"yoast-schema-graph\">{\"@context\":\"https:\/\/schema.org\",\"@graph\":[{\"@type\":\"WebPage\",\"@id\":\"https:\/\/gentleprovence.com\/fr\/paiement\/\",\"url\":\"https:\/\/gentleprovence.com\/fr\/paiement\/\",\"name\":\"Paiement | Gentle Provence\",\"isPartOf\":{\"@id\":\"https:\/\/gentleprovence.com\/fr\/#website\"},\"datePublished\":\"2021-05-29T16:30:37+00:00\",\"dateModified\":\"2021-05-29T16:32:59+00:00\",\"description\":\"Gentle Provence s\u00e9curise toute transaction sur le site avec un syst\u00e8me de cryptage pour votre confort et tranquilit\u00e9.\",\"breadcrumb\":{\"@id\":\"https:\/\/gentleprovence.com\/fr\/paiement\/#breadcrumb\"},\"inLanguage\":\"fr-FR\",\"potentialAction\":[{\"@type\":\"ReadAction\",\"target\":[\"https:\/\/gentleprovence.com\/fr\/paiement\/\"]}]},{\"@type\":\"BreadcrumbList\",\"@id\":\"https:\/\/gentleprovence.com\/fr\/paiement\/#breadcrumb\",\"itemListElement\":[{\"@type\":\"ListItem\",\"position\":1,\"name\":\"Accueil\",\"item\":\"https:\/\/gentleprovence.com\/fr\/\"},{\"@type\":\"ListItem\",\"position\":2,\"name\":\"Paiement\"}]},{\"@type\":\"WebSite\",\"@id\":\"https:\/\/gentleprovence.com\/fr\/#website\",\"url\":\"https:\/\/gentleprovence.com\/fr\/\",\"name\":\"Gentle Provence\",\"description\":\"Cr\u00e9ateur d&#039;excursions personnalis\u00e9es et visites priv\u00e9es avec service de chauffeur premium en Provence, Alpes, C\u00f4te d&#039;Azur \u2713 VTC Van Mercedes jusqu&#039;\u00e0 7 personnes \u2713 Service chauffeur Services transferts et circuits touristiques en Provence.\",\"publisher\":{\"@id\":\"https:\/\/gentleprovence.com\/fr\/#organization\"},\"potentialAction\":[{\"@type\":\"SearchAction\",\"target\":{\"@type\":\"EntryPoint\",\"urlTemplate\":\"https:\/\/gentleprovence.com\/fr\/?s={search_term_string}\"},\"query-input\":{\"@type\":\"PropertyValueSpecification\",\"valueRequired\":true,\"valueName\":\"search_term_string\"}}],\"inLanguage\":\"fr-FR\"},{\"@type\":\"Organization\",\"@id\":\"https:\/\/gentleprovence.com\/fr\/#organization\",\"name\":\"Gentle Provence\",\"url\":\"https:\/\/gentleprovence.com\/fr\/\",\"logo\":{\"@type\":\"ImageObject\",\"inLanguage\":\"fr-FR\",\"@id\":\"https:\/\/gentleprovence.com\/fr\/#\/schema\/logo\/image\/\",\"url\":\"https:\/\/i0.wp.com\/gentleprovence.com\/wp-content\/uploads\/2021\/02\/logo-gentle-p-purple.png?fit=826%2C404&ssl=1\",\"contentUrl\":\"https:\/\/i0.wp.com\/gentleprovence.com\/wp-content\/uploads\/2021\/02\/logo-gentle-p-purple.png?fit=826%2C404&ssl=1\",\"width\":826,\"height\":404,\"caption\":\"Gentle Provence\"},\"image\":{\"@id\":\"https:\/\/gentleprovence.com\/fr\/#\/schema\/logo\/image\/\"}}]}<\/script>\n<!-- \/ Yoast SEO plugin. -->","yoast_head_json":{"title":"Paiement | Gentle Provence","description":"Gentle Provence s\u00e9curise toute transaction sur le site avec un syst\u00e8me de cryptage pour votre confort et tranquilit\u00e9.","robots":{"index":"index","follow":"follow","max-snippet":"max-snippet:-1","max-image-preview":"max-image-preview:large","max-video-preview":"max-video-preview:-1"},"canonical":"https:\/\/gentleprovence.com\/fr\/paiement\/","og_locale":"fr_FR","og_type":"article","og_title":"Paiement | Gentle Provence","og_description":"Gentle Provence s\u00e9curise toute transaction sur le site avec un syst\u00e8me de cryptage pour votre confort et tranquilit\u00e9.","og_url":"https:\/\/gentleprovence.com\/fr\/paiement\/","og_site_name":"Gentle Provence","article_modified_time":"2021-05-29T16:32:59+00:00","twitter_card":"summary_large_image","schema":{"@context":"https:\/\/schema.org","@graph":[{"@type":"WebPage","@id":"https:\/\/gentleprovence.com\/fr\/paiement\/","url":"https:\/\/gentleprovence.com\/fr\/paiement\/","name":"Paiement | Gentle Provence","isPartOf":{"@id":"https:\/\/gentleprovence.com\/fr\/#website"},"datePublished":"2021-05-29T16:30:37+00:00","dateModified":"2021-05-29T16:32:59+00:00","description":"Gentle Provence s\u00e9curise toute transaction sur le site avec un syst\u00e8me de cryptage pour votre confort et tranquilit\u00e9.","breadcrumb":{"@id":"https:\/\/gentleprovence.com\/fr\/paiement\/#breadcrumb"},"inLanguage":"fr-FR","potentialAction":[{"@type":"ReadAction","target":["https:\/\/gentleprovence.com\/fr\/paiement\/"]}]},{"@type":"BreadcrumbList","@id":"https:\/\/gentleprovence.com\/fr\/paiement\/#breadcrumb","itemListElement":[{"@type":"ListItem","position":1,"name":"Accueil","item":"https:\/\/gentleprovence.com\/fr\/"},{"@type":"ListItem","position":2,"name":"Paiement"}]},{"@type":"WebSite","@id":"https:\/\/gentleprovence.com\/fr\/#website","url":"https:\/\/gentleprovence.com\/fr\/","name":"Gentle Provence","description":"Cr\u00e9ateur d&#039;excursions personnalis\u00e9es et visites priv\u00e9es avec service de chauffeur premium en Provence, Alpes, C\u00f4te d&#039;Azur \u2713 VTC Van Mercedes jusqu&#039;\u00e0 7 personnes \u2713 Service chauffeur Services transferts et circuits touristiques en Provence.","publisher":{"@id":"https:\/\/gentleprovence.com\/fr\/#organization"},"potentialAction":[{"@type":"SearchAction","target":{"@type":"EntryPoint","urlTemplate":"https:\/\/gentleprovence.com\/fr\/?s={search_term_string}"},"query-input":{"@type":"PropertyValueSpecification","valueRequired":true,"valueName":"search_term_string"}}],"inLanguage":"fr-FR"},{"@type":"Organization","@id":"https:\/\/gentleprovence.com\/fr\/#organization","name":"Gentle Provence","url":"https:\/\/gentleprovence.com\/fr\/","logo":{"@type":"ImageObject","inLanguage":"fr-FR","@id":"https:\/\/gentleprovence.com\/fr\/#\/schema\/logo\/image\/","url":"https:\/\/i0.wp.com\/gentleprovence.com\/wp-content\/uploads\/2021\/02\/logo-gentle-p-purple.png?fit=826%2C404&ssl=1","contentUrl":"https:\/\/i0.wp.com\/gentleprovence.com\/wp-content\/uploads\/2021\/02\/logo-gentle-p-purple.png?fit=826%2C404&ssl=1","width":826,"height":404,"caption":"Gentle Provence"},"image":{"@id":"https:\/\/gentleprovence.com\/fr\/#\/schema\/logo\/image\/"}}]}},"_links":{"self":[{"href":"https:\/\/gentleprovence.com\/fr\/wp-json\/wp\/v2\/pages\/6256","targetHints":{"allow":["GET"]}}],"collection":[{"href":"https:\/\/gentleprovence.com\/fr\/wp-json\/wp\/v2\/pages"}],"about":[{"href":"https:\/\/gentleprovence.com\/fr\/wp-json\/wp\/v2\/types\/page"}],"author":[{"embeddable":true,"href":"https:\/\/gentleprovence.com\/fr\/wp-json\/wp\/v2\/users\/1"}],"replies":[{"embeddable":true,"href":"https:\/\/gentleprovence.com\/fr\/wp-json\/wp\/v2\/comments?post=6256"}],"version-history":[{"count":0,"href":"https:\/\/gentleprovence.com\/fr\/wp-json\/wp\/v2\/pages\/6256\/revisions"}],"wp:attachment":[{"href":"https:\/\/gentleprovence.com\/fr\/wp-json\/wp\/v2\/media?parent=6256"}],"curies":[{"name":"wp","href":"https:\/\/api.w.org\/{rel}","templated":true}]}}